{"id":4,"date":"2021-05-15T00:52:46","date_gmt":"2021-05-14T22:52:46","guid":{"rendered":"http:\/\/enquetes.nature-occitanie.org\/inventaires-participatifs\/observez\/"},"modified":"2023-05-03T10:09:38","modified_gmt":"2023-05-03T08:09:38","slug":"observez","status":"publish","type":"page","link":"https:\/\/enquetes.nature-occitanie.org\/inventaires-participatifs\/observez\/","title":{"rendered":"Enqu\u00eates participatives"},"content":{"rendered":"\n<p> <img class=\"wp-image-106\" style=\"width: 70px\" src=\"https:\/\/enquetes.nature-occitanie.org\/tresors-jardins\/wp-content\/uploads\/sites\/5\/2021\/05\/logo_site3.png\" alt=\"\"><strong> Partagez vos observations en cliquant sur les enqu\u00eates <\/strong><\/p>\n\n\n\n<p>Vous pouvez faire des relev\u00e9s d&rsquo;observation sur votre commune et participer aux enqu\u00eates cibl\u00e9es. Tant que vous avez la bonne date d&rsquo;observation, vous pouvez \u00e9galement renseigner des donn\u00e9es anciennes.<\/p>\n\n\n\n<p>Si vous n\u2019arrivez pas \u00e0 ajouter une observation,<a rel=\"noreferrer noopener\" href=\"https:\/\/enquetes.nature-occitanie.org\/inventaires-participatifs\/aide\/\" target=\"_blank\">\u00a0suivez ce tuto !<\/a><\/p>\n\n\n\n<p>La liste des esp\u00e8ces s\u00e9lectionn\u00e9es pour les enqu\u00eates participatives est disponibles <a href=\"https:\/\/enquetes.nature-occitanie.org\/inventaires-participatifs\/wp-content\/uploads\/sites\/6\/2023\/05\/liste_espece_Citizen_ABC.pdf\">ici<\/a>.<\/p>\n\n\n\n<p>Retrouvez, dans <a href=\"https:\/\/enquetes.nature-occitanie.org\/inventaires-participatifs\/ressources-pedagogiques\/\">Ressources p\u00e9dagogiques<\/a> toutes les informations utiles pour mieux conna\u00eetre la biodiversit\u00e9 pr\u00e8s de chez soi !<\/p>\n","protected":false},"excerpt":{"rendered":"<p>Partagez vos observations en cliquant sur les enqu\u00eates Vous pouvez faire des relev\u00e9s d&rsquo;observation sur votre commune et participer aux enqu\u00eates cibl\u00e9es. Tant que vous avez la bonne date d&rsquo;observation, vous pouvez \u00e9galement renseigner des donn\u00e9es anciennes. Si vous n\u2019arrivez pas \u00e0 ajouter une observation,\u00a0suivez ce tuto ! La liste des esp\u00e8ces s\u00e9lectionn\u00e9es pour les [&hellip;]<\/p>\n","protected":false},"author":1,"featured_media":0,"parent":0,"menu_order":0,"comment_status":"closed","ping_status":"closed","template":"page-programmes.php","meta":[],"_links":{"self":[{"href":"https:\/\/enquetes.nature-occitanie.org\/inventaires-participatifs\/wp-json\/wp\/v2\/pages\/4"}],"collection":[{"href":"https:\/\/enquetes.nature-occitanie.org\/inventaires-participatifs\/wp-json\/wp\/v2\/pages"}],"about":[{"href":"https:\/\/enquetes.nature-occitanie.org\/inventaires-participatifs\/wp-json\/wp\/v2\/types\/page"}],"author":[{"embeddable":true,"href":"https:\/\/enquetes.nature-occitanie.org\/inventaires-participatifs\/wp-json\/wp\/v2\/users\/1"}],"replies":[{"embeddable":true,"href":"https:\/\/enquetes.nature-occitanie.org\/inventaires-participatifs\/wp-json\/wp\/v2\/comments?post=4"}],"version-history":[{"count":5,"href":"https:\/\/enquetes.nature-occitanie.org\/inventaires-participatifs\/wp-json\/wp\/v2\/pages\/4\/revisions"}],"predecessor-version":[{"id":120,"href":"https:\/\/enquetes.nature-occitanie.org\/inventaires-participatifs\/wp-json\/wp\/v2\/pages\/4\/revisions\/120"}],"wp:attachment":[{"href":"https:\/\/enquetes.nature-occitanie.org\/inventaires-participatifs\/wp-json\/wp\/v2\/media?parent=4"}],"curies":[{"name":"wp","href":"https:\/\/api.w.org\/{rel}","templated":true}]}}