{"id":58,"date":"2022-12-12T14:30:44","date_gmt":"2022-12-12T13:30:44","guid":{"rendered":"https:\/\/enquetes.nature-occitanie.org\/inventaires-participatifs\/?page_id=58"},"modified":"2022-12-13T11:06:33","modified_gmt":"2022-12-13T10:06:33","slug":"nous-contacter","status":"publish","type":"page","link":"https:\/\/enquetes.nature-occitanie.org\/inventaires-participatifs\/nous-contacter\/","title":{"rendered":"NOUS CONTACTER"},"content":{"rendered":"\n<hr class=\"wp-block-separator\"\/>\n\n\n\n<h2>Nature En Occitanie, association r\u00e9gionale de protection de la nature<\/h2>\n\n\n\n<div class=\"wp-block-image\"><figure class=\"alignleft size-large is-resized\"><img loading=\"lazy\" src=\"https:\/\/enquetes.nature-occitanie.org\/inventaires-participatifs\/wp-content\/uploads\/sites\/6\/2022\/12\/NatureEnOccitanie-carreRVB-862x1024.jpg\" alt=\"\" class=\"wp-image-59\" width=\"109\" height=\"128\"\/><\/figure><\/div>\n\n\n\n<p>Association de loi 1901 cr\u00e9\u00e9e en 1969, <strong>Nature En Occitanie<\/strong> est devenue, avec plus de 50 ans d\u2019exp\u00e9rience, un <strong>acteur incontournable de la protection du patrimoine naturel des territoires<\/strong> et a pu tisser au fil des ann\u00e9es des partenariats solides avec les structures associatives et institutionnelles \u00e0 l\u2019\u00e9chelle r\u00e9gionale et nationale.<\/p>\n\n\n\n<p>Forte d\u2019une activit\u00e9 b\u00e9n\u00e9vole dynamique, elle s\u2019appuie sur un Conseil coll\u00e9gial de 15 membres, sur une \u00e9quipe pluridisciplinaire de<strong> 33 salari\u00e9(\u00e9)s<\/strong> et pr\u00e8s de <strong>1000 adh\u00e9rents dont 250 b\u00e9n\u00e9voles actifs<\/strong>.<\/p>\n\n\n\n<p>Depuis 2011, Nature En Occitanie coordonne <strong>un programme d\u2019animations et de vulgarisation des Trames vertes et bleues<\/strong> \u00e0 destination des \u00e9lus, des citoyens et des socio-professionnels afin de garantir une meilleure prise en compte des enjeux environnementaux et un changement de paradigme (mettre la nature au c\u0153ur des enjeux de territoire). L&rsquo;\u00e9quipe d&rsquo;animateurs territoriaux accompagnent de nombreuses collectivit\u00e9s dans le cadre de conventions de partenariat en s&rsquo;appuyant sur des programmes d&rsquo;actions comme l&rsquo;<a rel=\"noreferrer noopener\" href=\"https:\/\/www.ofb.gouv.fr\/les-atlas-de-la-biodiversite-communale\" target=\"_blank\">Atlas de la Biodiversit\u00e9 Communale<\/a> (ABC) ou <a rel=\"noreferrer noopener\" href=\"https:\/\/engagespourlanature.ofb.fr\/territoires\" target=\"_blank\">Territoires Engag\u00e9s pour la Nature<\/a> (TEN).<br><\/p>\n\n\n\n<h2>Vos contacts<\/h2>\n\n\n\n<p><strong>L&rsquo;\u00e9quipe d&rsquo;animatrices territoriales<\/strong><\/p>\n\n\n\n<p><strong>Lise Lecroq<br>Charg\u00e9e d&rsquo;\u00e9tudes Animation territoriale<\/strong><br><a href=\"mailto:l.lecroq@natureo.org\">l.lecroq@natureo.org<\/a><\/p>\n\n\n\n<p><strong>Cl\u00e9mentine Gand<br>Charg\u00e9e d&rsquo;\u00e9tudes Animation territoriale<\/strong><br><a href=\"mailto:c.gand@natureo.org\">c.gand@natureo.org<\/a><\/p>\n\n\n\n<p><strong>Support technique<\/strong><\/p>\n\n\n\n<p><strong>Mathilde B\u00e9guin<br>Cheffe de projets G\u00e9omatique<\/strong><br><a href=\"mailto:m.beguin@natureo.org\">m.beguin@natureo.org<\/a> <\/p>\n","protected":false},"excerpt":{"rendered":"<p>Nature En Occitanie, association r\u00e9gionale de protection de la nature Association de loi 1901 cr\u00e9\u00e9e en 1969, Nature En Occitanie est devenue, avec plus de 50 ans d\u2019exp\u00e9rience, un acteur incontournable de la protection du patrimoine naturel des territoires et a pu tisser au fil des ann\u00e9es des partenariats solides avec les structures associatives et [&hellip;]<\/p>\n","protected":false},"author":1,"featured_media":0,"parent":0,"menu_order":0,"comment_status":"closed","ping_status":"closed","template":"","meta":[],"_links":{"self":[{"href":"https:\/\/enquetes.nature-occitanie.org\/inventaires-participatifs\/wp-json\/wp\/v2\/pages\/58"}],"collection":[{"href":"https:\/\/enquetes.nature-occitanie.org\/inventaires-participatifs\/wp-json\/wp\/v2\/pages"}],"about":[{"href":"https:\/\/enquetes.nature-occitanie.org\/inventaires-participatifs\/wp-json\/wp\/v2\/types\/page"}],"author":[{"embeddable":true,"href":"https:\/\/enquetes.nature-occitanie.org\/inventaires-participatifs\/wp-json\/wp\/v2\/users\/1"}],"replies":[{"embeddable":true,"href":"https:\/\/enquetes.nature-occitanie.org\/inventaires-participatifs\/wp-json\/wp\/v2\/comments?post=58"}],"version-history":[{"count":3,"href":"https:\/\/enquetes.nature-occitanie.org\/inventaires-participatifs\/wp-json\/wp\/v2\/pages\/58\/revisions"}],"predecessor-version":[{"id":116,"href":"https:\/\/enquetes.nature-occitanie.org\/inventaires-participatifs\/wp-json\/wp\/v2\/pages\/58\/revisions\/116"}],"wp:attachment":[{"href":"https:\/\/enquetes.nature-occitanie.org\/inventaires-participatifs\/wp-json\/wp\/v2\/media?parent=58"}],"curies":[{"name":"wp","href":"https:\/\/api.w.org\/{rel}","templated":true}]}}