{"id":7,"date":"2021-05-15T00:52:46","date_gmt":"2021-05-14T22:52:46","guid":{"rendered":"http:\/\/enquetes.nature-occitanie.org\/inventaires-participatifs\/mentions-legales\/"},"modified":"2022-12-12T15:22:48","modified_gmt":"2022-12-12T14:22:48","slug":"mentions-legales","status":"publish","type":"page","link":"https:\/\/enquetes.nature-occitanie.org\/inventaires-participatifs\/mentions-legales\/","title":{"rendered":"Mentions l\u00e9gales"},"content":{"rendered":"\n<p>Les informations recueillies, dans le cadre de ces enqu\u00eates participatives sont enregistr\u00e9es dans la base de donn\u00e9es de Citizen. Les donn\u00e9es personnelles collect\u00e9es ne sont pas communiqu\u00e9es. <\/p>\n\n\n\n<p>Vous pouvez acc\u00e9der aux donn\u00e9es vous concernant, les rectifier, demander leur effacement ou exercer votre droit \u00e0 la limitation du traitement de vos donn\u00e9es en vous connectant directement sur votre compte ou en adressant la demande directement par mail \u00e0  <a href=\"mailto: contact.geonat@natureo.org\" data-type=\"mailto\" data-id=\"mailto: contact.geonat@natureo.org\">contact.geonat[at]natureo.org<\/a> .<\/p>\n\n\n\n<p>Consultez le site cnil.fr pour plus d\u2019informations sur vos droits.<\/p>\n","protected":false},"excerpt":{"rendered":"<p>Les informations recueillies, dans le cadre de ces enqu\u00eates participatives sont enregistr\u00e9es dans la base de donn\u00e9es de Citizen. Les donn\u00e9es personnelles collect\u00e9es ne sont pas communiqu\u00e9es. Vous pouvez acc\u00e9der aux donn\u00e9es vous concernant, les rectifier, demander leur effacement ou exercer votre droit \u00e0 la limitation du traitement de vos donn\u00e9es en vous connectant directement [&hellip;]<\/p>\n","protected":false},"author":1,"featured_media":0,"parent":0,"menu_order":0,"comment_status":"closed","ping_status":"closed","template":"","meta":[],"_links":{"self":[{"href":"https:\/\/enquetes.nature-occitanie.org\/inventaires-participatifs\/wp-json\/wp\/v2\/pages\/7"}],"collection":[{"href":"https:\/\/enquetes.nature-occitanie.org\/inventaires-participatifs\/wp-json\/wp\/v2\/pages"}],"about":[{"href":"https:\/\/enquetes.nature-occitanie.org\/inventaires-participatifs\/wp-json\/wp\/v2\/types\/page"}],"author":[{"embeddable":true,"href":"https:\/\/enquetes.nature-occitanie.org\/inventaires-participatifs\/wp-json\/wp\/v2\/users\/1"}],"replies":[{"embeddable":true,"href":"https:\/\/enquetes.nature-occitanie.org\/inventaires-participatifs\/wp-json\/wp\/v2\/comments?post=7"}],"version-history":[{"count":2,"href":"https:\/\/enquetes.nature-occitanie.org\/inventaires-participatifs\/wp-json\/wp\/v2\/pages\/7\/revisions"}],"predecessor-version":[{"id":66,"href":"https:\/\/enquetes.nature-occitanie.org\/inventaires-participatifs\/wp-json\/wp\/v2\/pages\/7\/revisions\/66"}],"wp:attachment":[{"href":"https:\/\/enquetes.nature-occitanie.org\/inventaires-participatifs\/wp-json\/wp\/v2\/media?parent=7"}],"curies":[{"name":"wp","href":"https:\/\/api.w.org\/{rel}","templated":true}]}}