{"id":1007,"date":"2022-08-29T16:39:26","date_gmt":"2022-08-29T14:39:26","guid":{"rendered":"https:\/\/enquetes.nature-occitanie.org\/tresors-jardins\/?page_id=1007"},"modified":"2022-08-29T16:41:11","modified_gmt":"2022-08-29T14:41:11","slug":"economiser-leau","status":"publish","type":"page","link":"https:\/\/enquetes.nature-occitanie.org\/tresors-jardins\/economiser-leau\/","title":{"rendered":"\u00c9conomiser l&rsquo;eau"},"content":{"rendered":"\n<ul><li><strong><a rel=\"noreferrer noopener\" href=\"http:\/\/www.jardinsdenoe.org\/adopter-les-bonnes-pratiques-darrosage-2\/\" target=\"_blank\">L&rsquo;arrosage \u00ab\u00a0\u00e9cologique\u00a0\u00bb<\/a><\/strong><\/li><\/ul>\n\n\n\n<ul><li><strong><a href=\"http:\/\/www.jardinsdenoe.org\/utiliser-le-paillage\/\" target=\"_blank\" rel=\"noreferrer noopener\">Bien pailler pour \u00e9conomiser l&rsquo;eau<\/a><\/strong><\/li><\/ul>\n\n\n\n<ul><li><a href=\"https:\/\/jardinage.lemonde.fr\/dossier-3495-adapter-facon-jardiner-face-secheresses-recurrentes.html\" target=\"_blank\" rel=\"noreferrer noopener\"><strong>Adapter sa pratique du jardinage en fonction du sol et du climat<\/strong><\/a><\/li><\/ul>\n\n\n\n<ul><li><a href=\"http:\/\/www.jardinsdenoe.org\/les-oyas\/\" target=\"_blank\" rel=\"noreferrer noopener\"><strong>Installer des \u00e9quipements sp\u00e9cifiques comme les oyas<\/strong><\/a><\/li><\/ul>\n\n\n\n<div style=\"height:100px\" aria-hidden=\"true\" class=\"wp-block-spacer\"><\/div>\n\n\n\n<div class=\"wp-block-buttons\">\n<div class=\"wp-block-button is-style-outline\"><a class=\"wp-block-button__link\" href=\"https:\/\/enquetes.nature-occitanie.org\/tresors-jardins\/3-agir\/\">Retour menu Agir<\/a><\/div>\n<\/div>\n","protected":false},"excerpt":{"rendered":"<p>L&rsquo;arrosage \u00ab\u00a0\u00e9cologique\u00a0\u00bb Bien pailler pour \u00e9conomiser l&rsquo;eau Adapter sa pratique du jardinage en fonction du sol et du climat Installer des \u00e9quipements sp\u00e9cifiques comme les oyas<\/p>\n","protected":false},"author":2,"featured_media":0,"parent":0,"menu_order":0,"comment_status":"closed","ping_status":"closed","template":"","meta":[],"_links":{"self":[{"href":"https:\/\/enquetes.nature-occitanie.org\/tresors-jardins\/wp-json\/wp\/v2\/pages\/1007"}],"collection":[{"href":"https:\/\/enquetes.nature-occitanie.org\/tresors-jardins\/wp-json\/wp\/v2\/pages"}],"about":[{"href":"https:\/\/enquetes.nature-occitanie.org\/tresors-jardins\/wp-json\/wp\/v2\/types\/page"}],"author":[{"embeddable":true,"href":"https:\/\/enquetes.nature-occitanie.org\/tresors-jardins\/wp-json\/wp\/v2\/users\/2"}],"replies":[{"embeddable":true,"href":"https:\/\/enquetes.nature-occitanie.org\/tresors-jardins\/wp-json\/wp\/v2\/comments?post=1007"}],"version-history":[{"count":4,"href":"https:\/\/enquetes.nature-occitanie.org\/tresors-jardins\/wp-json\/wp\/v2\/pages\/1007\/revisions"}],"predecessor-version":[{"id":1012,"href":"https:\/\/enquetes.nature-occitanie.org\/tresors-jardins\/wp-json\/wp\/v2\/pages\/1007\/revisions\/1012"}],"wp:attachment":[{"href":"https:\/\/enquetes.nature-occitanie.org\/tresors-jardins\/wp-json\/wp\/v2\/media?parent=1007"}],"curies":[{"name":"wp","href":"https:\/\/api.w.org\/{rel}","templated":true}]}}