{"id":1022,"date":"2022-08-29T16:58:17","date_gmt":"2022-08-29T14:58:17","guid":{"rendered":"https:\/\/enquetes.nature-occitanie.org\/tresors-jardins\/?page_id=1022"},"modified":"2022-10-18T12:41:50","modified_gmt":"2022-10-18T10:41:50","slug":"aller-plus-loin","status":"publish","type":"page","link":"https:\/\/enquetes.nature-occitanie.org\/tresors-jardins\/aller-plus-loin\/","title":{"rendered":"Aller plus loin\u2026"},"content":{"rendered":"\n<ul><li><strong>Livrets et sites Internet<\/strong><\/li><\/ul>\n\n\n\n<p><a rel=\"noreferrer noopener\" href=\"http:\/\/www.jardinsdenoe.org\/\" target=\"_blank\">Les Jardins de No\u00e9<\/a>, r\u00e9seau social des jardiniers de la biodiversit\u00e9<\/p>\n\n\n\n<p><a href=\"http:\/\/www.100jardinsnaturels.fr\/index.php?option=com_rokdownloads&amp;view=folder&amp;Itemid=58\" target=\"_blank\" rel=\"noreferrer noopener\">Fiches conseils \u00ab\u00a0Jardin naturel\u00a0\u00bb<\/a><\/p>\n\n\n\n<p><a rel=\"noreferrer noopener\" href=\"https:\/\/www.biodiversiteetbati.fr\/\" target=\"_blank\">Livrets \u00ab\u00a0Biodiversit\u00e9 et b\u00e2ti\u00a0\u00bb<\/a>, cr\u00e9\u00e9s par la LPO et le CAUE (Conseil Architecture Urbanisme Environnement) Is\u00e8re<\/p>\n\n\n\n<p>Site internet <a rel=\"noreferrer noopener\" href=\"https:\/\/www.jardiner-autrement.fr\/\" target=\"_blank\">Jardiner autrement<\/a><\/p>\n\n\n\n<p><a href=\"https:\/\/metropoletpm.fr\/sites\/new.tpm-agglo.fr\/files\/jardin-mediterraneen2018.pdf\" target=\"_blank\" rel=\"noreferrer noopener\">Livret \u00ab\u00a0Mon jardin m\u00e9diterran\u00e9en au naturel\u00a0\u00bb<\/a><\/p>\n\n\n\n<p><a rel=\"noreferrer noopener\" href=\"https:\/\/enimmersion-eau.fr\/ressources-a-telecharger\/\" target=\"_blank\">Ressources sur l&rsquo;eau sur le site \u00ab\u00a0En immersion\u00a0\u00bb<\/a><\/p>\n\n\n\n<p><a href=\"https:\/\/www.etang-de-l-or.com\/uploads\/file\/Eau\/pollutions_diffuses\/LIVRET%20SYMBO%202013%20BDEF%20v3%20-%20web.pdf\" target=\"_blank\" rel=\"noreferrer noopener\">Livret \u00ab\u00a0Demain, nos jardins sans pesticides\u00a0\u00bb<\/a> par le <a href=\"https:\/\/www.etang-de-l-or.com\/vertdemain\/vert-demain-guide-technique-pour-les-agents\/\" target=\"_blank\" rel=\"noreferrer noopener\">Syndicat Mixte du bassin de l&rsquo;Or<\/a><\/p>\n\n\n\n<p><a href=\"https:\/\/www.occitanie.developpement-durable.gouv.fr\/trames-verte-et-bleue-r8613.html\" target=\"_blank\" rel=\"noreferrer noopener\">En savoir plus sur les Trames Vertes et Bleues<\/a><\/p>\n\n\n\n<ul><li><strong>Conseils lectures<\/strong><\/li><\/ul>\n\n\n\n<p><a rel=\"noreferrer noopener\" href=\"https:\/\/www.dargaud.com\/bd\/loasis-bda5343490\" target=\"_blank\">L&rsquo;Oasis<\/a> Simon Hureau, Ed. Dargaud, 2020<\/p>\n\n\n\n<p><a rel=\"noreferrer noopener\" href=\"https:\/\/www.terrevivante.org\/boutique\/livres\/autres-livres\/livres-societe\/petit-traite-du-jardin-punk\/\" target=\"_blank\">Petit trait\u00e9 du jardin punk, apprendre \u00e0 d\u00e9sapprendre<\/a> Eric Lenoir, Ed. Terre Vivante, 2018<\/p>\n\n\n\n<p><a rel=\"noreferrer noopener\" href=\"https:\/\/www.terrevivante.org\/boutique\/livres\/livres-jardin-bio\/amenagements-jardin\/le-grand-traite-du-jardin-punk\/\" data-type=\"URL\" data-id=\"https:\/\/www.terrevivante.org\/boutique\/livres\/livres-jardin-bio\/amenagements-jardin\/le-grand-traite-du-jardin-punk\/\" target=\"_blank\">Le grand trait\u00e9 du jardin punk<\/a> Eric Lenoir, Ed. Terre Vivante, 2021<\/p>\n\n\n\n<p><a rel=\"noreferrer noopener\" href=\"https:\/\/boutique.salamandre.org\/fake-news-au-jardin.pdt-1176\/\" target=\"_blank\">Fake news au jardin<\/a> Aino Adriaens, Eds. Salamandre et Terre Vivante, 2021<\/p>\n\n\n\n<p><a rel=\"noreferrer noopener\" href=\"https:\/\/librairie.euziere.org\/comprendre-le-vivant\/125-agir-pour-la-nature-au-jardin.html?search_query=jardin&amp;results=14\" target=\"_blank\">Agir pour la Nature au jardin<\/a> David Melbeck et Sylvain Leparoux, Ed. Salamandre, 2021<\/p>\n\n\n\n<p><a rel=\"noreferrer noopener\" href=\"https:\/\/librairie.euziere.org\/accueil\/55-invitez-la-nature-dans-votre-jardin-sur-votre-terrasse-ou-votre-balcon.html\" target=\"_blank\">Inviter la nature au jardin, sur votre terrasse ou votre balcon<\/a> Les \u00c9cologistes de l&rsquo;Euzi\u00e8re, 2008<\/p>\n\n\n\n<p><a rel=\"noreferrer noopener\" href=\"http:\/\/www.sylvainlefebvre-photovideo.com\/pages\/expositions-a-louer\/safari-au-jardin-livre.html\" target=\"_blank\">Safari au jardin, la biodiversit\u00e9 \u00e0 port\u00e9e de main !<\/a> Sylvain Lef\u00e8bvre, Ed. Terre Vivante, 2021<\/p>\n\n\n\n<div style=\"height:46px\" aria-hidden=\"true\" class=\"wp-block-spacer\"><\/div>\n\n\n\n<hr class=\"wp-block-separator\" \/>\n\n\n\n<div class=\"wp-block-image\"><figure class=\"alignleft size-full\"><a href=\"https:\/\/www.salamandre.org\/\" target=\"_blank\" rel=\"noopener\"><img loading=\"lazy\" width=\"400\" height=\"148\" src=\"https:\/\/enquetes.nature-occitanie.org\/tresors-jardins\/wp-content\/uploads\/sites\/5\/2022\/10\/logo_salamandre.png\" alt=\"\" class=\"wp-image-1050\" srcset=\"https:\/\/enquetes.nature-occitanie.org\/tresors-jardins\/wp-content\/uploads\/sites\/5\/2022\/10\/logo_salamandre.png 400w, https:\/\/enquetes.nature-occitanie.org\/tresors-jardins\/wp-content\/uploads\/sites\/5\/2022\/10\/logo_salamandre-300x111.png 300w\" sizes=\"(max-width: 400px) 100vw, 400px\" \/><\/a><figcaption>Sur nos stands retrouvez les revues et ouvrages de la Salamandre !<\/figcaption><\/figure><\/div>\n\n\n\n<div style=\"height:100px\" aria-hidden=\"true\" class=\"wp-block-spacer\"><\/div>\n\n\n\n<div class=\"wp-block-buttons\">\n<div class=\"wp-block-button is-style-outline\"><a class=\"wp-block-button__link\" href=\"https:\/\/enquetes.nature-occitanie.org\/tresors-jardins\/3-agir\/\">Retour menu Agir<\/a><\/div>\n<\/div>\n","protected":false},"excerpt":{"rendered":"<p>Livrets et sites Internet Les Jardins de No\u00e9, r\u00e9seau social des jardiniers de la biodiversit\u00e9 Fiches conseils \u00ab\u00a0Jardin naturel\u00a0\u00bb Livrets \u00ab\u00a0Biodiversit\u00e9 et b\u00e2ti\u00a0\u00bb, cr\u00e9\u00e9s par la LPO et le CAUE (Conseil Architecture Urbanisme Environnement) Is\u00e8re Site internet Jardiner autrement Livret \u00ab\u00a0Mon jardin m\u00e9diterran\u00e9en au naturel\u00a0\u00bb Ressources sur l&rsquo;eau sur le site \u00ab\u00a0En immersion\u00a0\u00bb Livret \u00ab\u00a0Demain, [&hellip;]<\/p>\n","protected":false},"author":2,"featured_media":0,"parent":0,"menu_order":0,"comment_status":"closed","ping_status":"closed","template":"","meta":[],"_links":{"self":[{"href":"https:\/\/enquetes.nature-occitanie.org\/tresors-jardins\/wp-json\/wp\/v2\/pages\/1022"}],"collection":[{"href":"https:\/\/enquetes.nature-occitanie.org\/tresors-jardins\/wp-json\/wp\/v2\/pages"}],"about":[{"href":"https:\/\/enquetes.nature-occitanie.org\/tresors-jardins\/wp-json\/wp\/v2\/types\/page"}],"author":[{"embeddable":true,"href":"https:\/\/enquetes.nature-occitanie.org\/tresors-jardins\/wp-json\/wp\/v2\/users\/2"}],"replies":[{"embeddable":true,"href":"https:\/\/enquetes.nature-occitanie.org\/tresors-jardins\/wp-json\/wp\/v2\/comments?post=1022"}],"version-history":[{"count":24,"href":"https:\/\/enquetes.nature-occitanie.org\/tresors-jardins\/wp-json\/wp\/v2\/pages\/1022\/revisions"}],"predecessor-version":[{"id":1055,"href":"https:\/\/enquetes.nature-occitanie.org\/tresors-jardins\/wp-json\/wp\/v2\/pages\/1022\/revisions\/1055"}],"wp:attachment":[{"href":"https:\/\/enquetes.nature-occitanie.org\/tresors-jardins\/wp-json\/wp\/v2\/media?parent=1022"}],"curies":[{"name":"wp","href":"https:\/\/api.w.org\/{rel}","templated":true}]}}