{"id":190,"date":"2021-05-31T15:58:13","date_gmt":"2021-05-31T13:58:13","guid":{"rendered":"https:\/\/enquetes.nature-occitanie.org\/tresors-jardins\/?page_id=190"},"modified":"2022-01-17T12:26:41","modified_gmt":"2022-01-17T11:26:41","slug":"contact","status":"publish","type":"page","link":"https:\/\/enquetes.nature-occitanie.org\/tresors-jardins\/contact\/","title":{"rendered":"Nous contacter"},"content":{"rendered":"\n<p><strong>Contact presse<\/strong><br>Montpellier &#8211; Sophie Dubois \/ sophie.dubois@euziere.org<br>Toulouse &#8211; Camille Dyrda \/ c.dyrda@natureo.org<br>&gt; <a href=\"https:\/\/drive.google.com\/file\/d\/1U1NHFFXD6Cabc08tIKalg3QOEOmExMyf\/view?usp=sharing\" target=\"_blank\" rel=\"noreferrer noopener\">Communiqu\u00e9 de presse<\/a><\/p>\n\n\n\n<div class=\"wp-block-columns\">\n<div class=\"wp-block-column\">\n<p><strong>Nature en Occitanie<\/strong><br>14 rue de Tivoli<br>31068 Toulouse Cedex<br><a href=\"mailto:tresorsdemonjardin@natureo.org\">tresorsdemonjardin@natureo.org<\/a><\/p>\n<\/div>\n\n\n\n<div class=\"wp-block-column\">\n<p><strong>Les \u00c9cologistes de l&rsquo;Euzi\u00e8re<\/strong><br>Domaine de Restincli\u00e8res<br>34730 Prades-le-lez<br><a href=\"mailto:tresorsdemonjardin@euziere.org\">tresorsdemonjardin@euziere.org<\/a><\/p>\n<\/div>\n<\/div>\n\n\n\n<p><\/p>\n","protected":false},"excerpt":{"rendered":"<p>Contact presseMontpellier &#8211; Sophie Dubois \/ sophie.dubois@euziere.orgToulouse &#8211; Camille Dyrda \/ c.dyrda@natureo.org&gt; Communiqu\u00e9 de presse Nature en Occitanie14 rue de Tivoli31068 Toulouse Cedextresorsdemonjardin@natureo.org Les \u00c9cologistes de l&rsquo;Euzi\u00e8reDomaine de Restincli\u00e8res34730 Prades-le-leztresorsdemonjardin@euziere.org<\/p>\n","protected":false},"author":2,"featured_media":0,"parent":0,"menu_order":0,"comment_status":"closed","ping_status":"closed","template":"","meta":[],"_links":{"self":[{"href":"https:\/\/enquetes.nature-occitanie.org\/tresors-jardins\/wp-json\/wp\/v2\/pages\/190"}],"collection":[{"href":"https:\/\/enquetes.nature-occitanie.org\/tresors-jardins\/wp-json\/wp\/v2\/pages"}],"about":[{"href":"https:\/\/enquetes.nature-occitanie.org\/tresors-jardins\/wp-json\/wp\/v2\/types\/page"}],"author":[{"embeddable":true,"href":"https:\/\/enquetes.nature-occitanie.org\/tresors-jardins\/wp-json\/wp\/v2\/users\/2"}],"replies":[{"embeddable":true,"href":"https:\/\/enquetes.nature-occitanie.org\/tresors-jardins\/wp-json\/wp\/v2\/comments?post=190"}],"version-history":[{"count":8,"href":"https:\/\/enquetes.nature-occitanie.org\/tresors-jardins\/wp-json\/wp\/v2\/pages\/190\/revisions"}],"predecessor-version":[{"id":849,"href":"https:\/\/enquetes.nature-occitanie.org\/tresors-jardins\/wp-json\/wp\/v2\/pages\/190\/revisions\/849"}],"wp:attachment":[{"href":"https:\/\/enquetes.nature-occitanie.org\/tresors-jardins\/wp-json\/wp\/v2\/media?parent=190"}],"curies":[{"name":"wp","href":"https:\/\/api.w.org\/{rel}","templated":true}]}}