{"id":265,"date":"2021-06-01T19:07:11","date_gmt":"2021-06-01T17:07:11","guid":{"rendered":"https:\/\/enquetes.nature-occitanie.org\/tresors-jardins\/?page_id=265"},"modified":"2021-07-02T15:22:19","modified_gmt":"2021-07-02T13:22:19","slug":"papillons","status":"publish","type":"page","link":"https:\/\/enquetes.nature-occitanie.org\/tresors-jardins\/papillons\/","title":{"rendered":"Papillons"},"content":{"rendered":"\n<p><em>Fiches issues du guide \u00ab\u00a0<a rel=\"noreferrer noopener\" href=\"https:\/\/www.sciences-participatives-au-jardin.org\/pdf\/Guide-papillons.pdf\" target=\"_blank\">Papillons des jardins, des prairies et des champs &#8211; Guide de terrain pour les Observatoires de sciences participatives<\/a>\u00a0\u00bb r\u00e9alis\u00e9 par <a rel=\"noreferrer noopener\" href=\"https:\/\/www.sciences-participatives-au-jardin.org\/\" target=\"_blank\">No\u00e9 et le Mus\u00e9um national d&rsquo;Histoire naturelle \/ Vigie-Nature<\/a><\/em>.<\/p>\n\n\n\n<div class=\"wp-block-columns\">\n<div class=\"wp-block-column\">\n<figure class=\"wp-block-image size-large\"><a href=\"https:\/\/enquetes.nature-occitanie.org\/tresors-jardins\/wp-content\/uploads\/sites\/5\/2021\/06\/Guide-papillons-Belle-dame.pdf\" target=\"_blank\" rel=\"noopener\"><img loading=\"lazy\" width=\"300\" height=\"200\" src=\"https:\/\/enquetes.nature-occitanie.org\/tresors-jardins\/wp-content\/uploads\/sites\/5\/2021\/06\/ID_Vanessa-cardu.jpg\" alt=\"\" class=\"wp-image-460\" \/><\/a><figcaption>Belle Dame, Vanessa cardui<\/figcaption><\/figure>\n\n\n\n<figure class=\"wp-block-image size-large\"><img loading=\"lazy\" width=\"300\" height=\"200\" src=\"https:\/\/enquetes.nature-occitanie.org\/tresors-jardins\/wp-content\/uploads\/sites\/5\/2021\/06\/ID_Zerynthia-polyxena.jpg\" alt=\"\" class=\"wp-image-462\" \/><figcaption>Diane, Zerynthia polyxena<\/figcaption><\/figure>\n\n\n\n<figure class=\"wp-block-image size-large\"><a href=\"https:\/\/enquetes.nature-occitanie.org\/tresors-jardins\/wp-content\/uploads\/sites\/5\/2021\/06\/Guide-papillons-Jason-Pacha.pdf\" target=\"_blank\" rel=\"noopener\"><img loading=\"lazy\" width=\"300\" height=\"200\" src=\"https:\/\/enquetes.nature-occitanie.org\/tresors-jardins\/wp-content\/uploads\/sites\/5\/2021\/06\/ID_Charaxes-jasius.jpg\" alt=\"\" class=\"wp-image-452\" \/><\/a><figcaption>Jason, Charaxes jasius<\/figcaption><\/figure>\n\n\n\n<figure class=\"wp-block-image size-large\"><a href=\"https:\/\/enquetes.nature-occitanie.org\/tresors-jardins\/wp-content\/uploads\/sites\/5\/2021\/06\/Guide-papillons-Paon-du-jour.pdf\" target=\"_blank\" rel=\"noopener\"><img loading=\"lazy\" width=\"300\" height=\"200\" src=\"https:\/\/enquetes.nature-occitanie.org\/tresors-jardins\/wp-content\/uploads\/sites\/5\/2021\/06\/ID_Paon-du-jour-Inachis-io.jpg\" alt=\"\" class=\"wp-image-457\" \/><\/a><figcaption>Paon de jour, Aglais io<\/figcaption><\/figure>\n\n\n\n<figure class=\"wp-block-image size-large\"><a href=\"https:\/\/enquetes.nature-occitanie.org\/tresors-jardins\/wp-content\/uploads\/sites\/5\/2021\/06\/Guide-papillons-Robert-le-diable.pdf\" target=\"_blank\" rel=\"noopener\"><img loading=\"lazy\" width=\"300\" height=\"200\" src=\"https:\/\/enquetes.nature-occitanie.org\/tresors-jardins\/wp-content\/uploads\/sites\/5\/2021\/06\/ID_Robert-le-Diable-Polygonia-c-album2.jpg\" alt=\"\" class=\"wp-image-459\" \/><\/a><figcaption>Robert-le-diable, Polygonia c-album<\/figcaption><\/figure>\n<\/div>\n\n\n\n<div class=\"wp-block-column\">\n<figure class=\"wp-block-image size-large\"><a href=\"https:\/\/enquetes.nature-occitanie.org\/tresors-jardins\/wp-content\/uploads\/sites\/5\/2021\/06\/Guide-papillons-Citron.pdf\" target=\"_blank\" rel=\"noopener\"><img loading=\"lazy\" width=\"300\" height=\"200\" src=\"https:\/\/enquetes.nature-occitanie.org\/tresors-jardins\/wp-content\/uploads\/sites\/5\/2021\/06\/ID_Gonepteryx-rhamni.jpg\" alt=\"\" class=\"wp-image-455\" \/><\/a><figcaption>Citron, Gonepteryx rhamni<\/figcaption><\/figure>\n\n\n\n<figure class=\"wp-block-image size-large\"><a href=\"https:\/\/enquetes.nature-occitanie.org\/tresors-jardins\/wp-content\/uploads\/sites\/5\/2021\/06\/Guide-papillons-Flambe.pdf\" target=\"_blank\" rel=\"noopener\"><img loading=\"lazy\" width=\"300\" height=\"200\" src=\"https:\/\/enquetes.nature-occitanie.org\/tresors-jardins\/wp-content\/uploads\/sites\/5\/2021\/06\/ID_Iphiclides_podalirius.jpg\" alt=\"\" class=\"wp-image-288\" \/><\/a><figcaption>Flamb\u00e9, Iphiclides podalirus<\/figcaption><\/figure>\n\n\n\n<figure class=\"wp-block-image size-full\"><a href=\"https:\/\/enquetes.nature-occitanie.org\/tresors-jardins\/wp-content\/uploads\/sites\/5\/2021\/06\/Guide-papillons-Machaon.pdf\" target=\"_blank\" rel=\"noopener\"><img loading=\"lazy\" width=\"300\" height=\"200\" src=\"https:\/\/enquetes.nature-occitanie.org\/tresors-jardins\/wp-content\/uploads\/sites\/5\/2021\/06\/ID_Papilio_machaon.jpg\" alt=\"\" class=\"wp-image-289\" \/><\/a><figcaption>Machaon, Papilio machaon<\/figcaption><\/figure>\n\n\n\n<figure class=\"wp-block-image size-large\"><a href=\"https:\/\/enquetes.nature-occitanie.org\/tresors-jardins\/wp-content\/uploads\/sites\/5\/2021\/06\/Guide-papillons-Petite-tortue.pdf\" target=\"_blank\" rel=\"noopener\"><img loading=\"lazy\" width=\"300\" height=\"200\" src=\"https:\/\/enquetes.nature-occitanie.org\/tresors-jardins\/wp-content\/uploads\/sites\/5\/2021\/06\/ID_Petite-tortue-Aglais-urticae-urticae.jpg\" alt=\"\" class=\"wp-image-458\" \/><\/a><figcaption>Petite tortue, Aglais urticae<\/figcaption><\/figure>\n\n\n\n<figure class=\"wp-block-image size-large\"><a href=\"https:\/\/enquetes.nature-occitanie.org\/tresors-jardins\/wp-content\/uploads\/sites\/5\/2021\/06\/Guide-papillons-Silene.pdf\" target=\"_blank\" rel=\"noopener\"><img loading=\"lazy\" width=\"300\" height=\"200\" src=\"https:\/\/enquetes.nature-occitanie.org\/tresors-jardins\/wp-content\/uploads\/sites\/5\/2021\/06\/ID_Brintesia-circe.jpg\" alt=\"\" class=\"wp-image-451\" \/><\/a><figcaption>Sil\u00e8ne, Brintesia circe<\/figcaption><\/figure>\n<\/div>\n\n\n\n<div class=\"wp-block-column\">\n<figure class=\"wp-block-image size-large\"><img loading=\"lazy\" width=\"300\" height=\"200\" src=\"https:\/\/enquetes.nature-occitanie.org\/tresors-jardins\/wp-content\/uploads\/sites\/5\/2021\/06\/ID_Citron-de-Provence-Gonopteryx-cleopatra.jpg\" alt=\"\" class=\"wp-image-454\" \/><figcaption>Citron de Provence, Gonepteryx cleopatra<\/figcaption><\/figure>\n\n\n\n<figure class=\"wp-block-image size-large\"><a href=\"https:\/\/enquetes.nature-occitanie.org\/tresors-jardins\/wp-content\/uploads\/sites\/5\/2021\/06\/Guide-papillons-Grand-paon-de-nuit.pdf\" target=\"_blank\" rel=\"noopener\"><img loading=\"lazy\" width=\"300\" height=\"200\" src=\"https:\/\/enquetes.nature-occitanie.org\/tresors-jardins\/wp-content\/uploads\/sites\/5\/2021\/07\/Saturnia-pyri-300-200.jpg\" alt=\"\" class=\"wp-image-499\" \/><\/a><figcaption>Grand paon de nuit, Saturnia pyri<\/figcaption><\/figure>\n\n\n\n<figure class=\"wp-block-image size-large\"><a href=\"https:\/\/enquetes.nature-occitanie.org\/tresors-jardins\/wp-content\/uploads\/sites\/5\/2021\/06\/Guide-papillons-Moro-sphinx.pdf\" target=\"_blank\" rel=\"noopener\"><img loading=\"lazy\" width=\"300\" height=\"200\" src=\"https:\/\/enquetes.nature-occitanie.org\/tresors-jardins\/wp-content\/uploads\/sites\/5\/2021\/06\/ID_Macroglossum-stellatarum_Agaras.jpg\" alt=\"\" class=\"wp-image-456\" \/><\/a><figcaption>Morosphinx, Macroglossum stellatarum<\/figcaption><\/figure>\n\n\n\n<figure class=\"wp-block-image size-large\"><img loading=\"lazy\" width=\"300\" height=\"200\" src=\"https:\/\/enquetes.nature-occitanie.org\/tresors-jardins\/wp-content\/uploads\/sites\/5\/2021\/06\/ID_Zerynthia-rumina.jpg\" alt=\"\" class=\"wp-image-463\" \/><figcaption>Proserpine, Zerynthia rumina<\/figcaption><\/figure>\n\n\n\n<figure class=\"wp-block-image size-large\"><a href=\"https:\/\/enquetes.nature-occitanie.org\/tresors-jardins\/wp-content\/uploads\/sites\/5\/2021\/06\/Guide-papillons-Vulcain.pdf\" target=\"_blank\" rel=\"noopener\"><img loading=\"lazy\" width=\"300\" height=\"200\" src=\"https:\/\/enquetes.nature-occitanie.org\/tresors-jardins\/wp-content\/uploads\/sites\/5\/2021\/06\/ID_Vulcain.jpg\" alt=\"\" class=\"wp-image-461\" \/><\/a><figcaption>Vulcain, Vanessa atalanta<\/figcaption><\/figure>\n<\/div>\n<\/div>\n\n\n\n<p><\/p>\n","protected":false},"excerpt":{"rendered":"<p>Fiches issues du guide \u00ab\u00a0Papillons des jardins, des prairies et des champs &#8211; Guide de terrain pour les Observatoires de sciences participatives\u00a0\u00bb r\u00e9alis\u00e9 par No\u00e9 et le Mus\u00e9um national d&rsquo;Histoire naturelle \/ Vigie-Nature.<\/p>\n","protected":false},"author":2,"featured_media":0,"parent":0,"menu_order":0,"comment_status":"closed","ping_status":"closed","template":"","meta":[],"_links":{"self":[{"href":"https:\/\/enquetes.nature-occitanie.org\/tresors-jardins\/wp-json\/wp\/v2\/pages\/265"}],"collection":[{"href":"https:\/\/enquetes.nature-occitanie.org\/tresors-jardins\/wp-json\/wp\/v2\/pages"}],"about":[{"href":"https:\/\/enquetes.nature-occitanie.org\/tresors-jardins\/wp-json\/wp\/v2\/types\/page"}],"author":[{"embeddable":true,"href":"https:\/\/enquetes.nature-occitanie.org\/tresors-jardins\/wp-json\/wp\/v2\/users\/2"}],"replies":[{"embeddable":true,"href":"https:\/\/enquetes.nature-occitanie.org\/tresors-jardins\/wp-json\/wp\/v2\/comments?post=265"}],"version-history":[{"count":12,"href":"https:\/\/enquetes.nature-occitanie.org\/tresors-jardins\/wp-json\/wp\/v2\/pages\/265\/revisions"}],"predecessor-version":[{"id":501,"href":"https:\/\/enquetes.nature-occitanie.org\/tresors-jardins\/wp-json\/wp\/v2\/pages\/265\/revisions\/501"}],"wp:attachment":[{"href":"https:\/\/enquetes.nature-occitanie.org\/tresors-jardins\/wp-json\/wp\/v2\/media?parent=265"}],"curies":[{"name":"wp","href":"https:\/\/api.w.org\/{rel}","templated":true}]}}