{"id":277,"date":"2021-06-01T19:09:50","date_gmt":"2021-06-01T17:09:50","guid":{"rendered":"https:\/\/enquetes.nature-occitanie.org\/tresors-jardins\/?page_id=277"},"modified":"2021-07-20T11:39:22","modified_gmt":"2021-07-20T09:39:22","slug":"mollusques","status":"publish","type":"page","link":"https:\/\/enquetes.nature-occitanie.org\/tresors-jardins\/mollusques\/","title":{"rendered":"Mollusques"},"content":{"rendered":"\n<p><em>Fiches issues du \u00ab\u00a0<a rel=\"noreferrer noopener\" href=\"https:\/\/www.vigienature-ecole.fr\/sites\/default\/files\/2019-08\/Mini-guide%20escargots%20RVB.pdf\" target=\"_blank\">Guide de d\u00e9termination \u00ab\u00a0Identifier les escargots et les limaces de l&rsquo;op\u00e9ration Escargots\u00a0\u00bb<\/a>\u00a0\u00bb r\u00e9alis\u00e9 par <a rel=\"noreferrer noopener\" href=\"https:\/\/www.vigienature-ecole.fr\/\" target=\"_blank\">Vigie-Nature \u00c9cole<\/a><\/em>.<\/p>\n\n\n\n<div class=\"wp-block-columns\">\n<div class=\"wp-block-column\">\n<figure class=\"wp-block-image size-large\"><a href=\"https:\/\/enquetes.nature-occitanie.org\/tresors-jardins\/wp-content\/uploads\/sites\/5\/2021\/06\/Guide-escargots-Bulime-tronque.pdf\" target=\"_blank\" rel=\"noopener\"><img loading=\"lazy\" width=\"300\" height=\"200\" src=\"https:\/\/enquetes.nature-occitanie.org\/tresors-jardins\/wp-content\/uploads\/sites\/5\/2021\/06\/ID_Bulime-tronque.jpg\" alt=\"\" class=\"wp-image-434\" \/><\/a><figcaption>Bulime tronqu\u00e9, <em>Rumina decollata<\/em><\/figcaption><\/figure>\n\n\n\n<figure class=\"wp-block-image size-large\"><a href=\"https:\/\/enquetes.nature-occitanie.org\/tresors-jardins\/wp-content\/uploads\/sites\/5\/2021\/06\/Guide-escargots-Petit-gris.pdf\" target=\"_blank\" rel=\"noopener\"><img loading=\"lazy\" width=\"300\" height=\"200\" src=\"https:\/\/enquetes.nature-occitanie.org\/tresors-jardins\/wp-content\/uploads\/sites\/5\/2021\/06\/ID_-Helix-aspersa-aspersa1-1.jpg\" alt=\"\" class=\"wp-image-436\" \/><\/a><figcaption>Petit-gris, <em>Cornu aspersum<\/em><\/figcaption><\/figure>\n<\/div>\n\n\n\n<div class=\"wp-block-column\">\n<figure class=\"wp-block-image size-large\"><a href=\"https:\/\/enquetes.nature-occitanie.org\/tresors-jardins\/wp-content\/uploads\/sites\/5\/2021\/06\/Guide-escargots-Elegante-striee.pdf\" target=\"_blank\" rel=\"noopener\"><img loading=\"lazy\" width=\"300\" height=\"200\" src=\"https:\/\/enquetes.nature-occitanie.org\/tresors-jardins\/wp-content\/uploads\/sites\/5\/2021\/06\/ID_Pomatia-elegans.jpg\" alt=\"\" class=\"wp-image-429\" \/><\/a><figcaption>\u00c9l\u00e9gante stri\u00e9e, <em>Pomatias elegans<\/em><\/figcaption><\/figure>\n\n\n\n<figure class=\"wp-block-image size-large\"><a href=\"https:\/\/enquetes.nature-occitanie.org\/tresors-jardins\/wp-content\/uploads\/sites\/5\/2021\/06\/Guide-escargots-Zonite-peson.pdf\" target=\"_blank\" rel=\"noopener\"><img loading=\"lazy\" width=\"300\" height=\"200\" src=\"https:\/\/enquetes.nature-occitanie.org\/tresors-jardins\/wp-content\/uploads\/sites\/5\/2021\/06\/ID_Zonites-algirus1.jpg\" alt=\"\" class=\"wp-image-431\" \/><\/a><figcaption>Zonite peson, <i>Zon<\/i>ites algirus<\/figcaption><\/figure>\n<\/div>\n\n\n\n<div class=\"wp-block-column\">\n<figure class=\"wp-block-image size-large\"><a href=\"https:\/\/enquetes.nature-occitanie.org\/tresors-jardins\/wp-content\/uploads\/sites\/5\/2021\/06\/Guide-escargots-Limax-maximus.pdf\" target=\"_blank\" rel=\"noopener\"><img loading=\"lazy\" width=\"300\" height=\"200\" src=\"https:\/\/enquetes.nature-occitanie.org\/tresors-jardins\/wp-content\/uploads\/sites\/5\/2021\/06\/ID_Limax-maximus.jpg\" alt=\"\" class=\"wp-image-432\" \/><\/a><figcaption>Limace l\u00e9opard, <em>Limax maximus<\/em><\/figcaption><\/figure>\n<\/div>\n<\/div>\n\n\n\n<p><\/p>\n","protected":false},"excerpt":{"rendered":"<p>Fiches issues du \u00ab\u00a0Guide de d\u00e9termination \u00ab\u00a0Identifier les escargots et les limaces de l&rsquo;op\u00e9ration Escargots\u00a0\u00bb\u00a0\u00bb r\u00e9alis\u00e9 par Vigie-Nature \u00c9cole.<\/p>\n","protected":false},"author":2,"featured_media":0,"parent":0,"menu_order":0,"comment_status":"closed","ping_status":"closed","template":"","meta":[],"_links":{"self":[{"href":"https:\/\/enquetes.nature-occitanie.org\/tresors-jardins\/wp-json\/wp\/v2\/pages\/277"}],"collection":[{"href":"https:\/\/enquetes.nature-occitanie.org\/tresors-jardins\/wp-json\/wp\/v2\/pages"}],"about":[{"href":"https:\/\/enquetes.nature-occitanie.org\/tresors-jardins\/wp-json\/wp\/v2\/types\/page"}],"author":[{"embeddable":true,"href":"https:\/\/enquetes.nature-occitanie.org\/tresors-jardins\/wp-json\/wp\/v2\/users\/2"}],"replies":[{"embeddable":true,"href":"https:\/\/enquetes.nature-occitanie.org\/tresors-jardins\/wp-json\/wp\/v2\/comments?post=277"}],"version-history":[{"count":13,"href":"https:\/\/enquetes.nature-occitanie.org\/tresors-jardins\/wp-json\/wp\/v2\/pages\/277\/revisions"}],"predecessor-version":[{"id":560,"href":"https:\/\/enquetes.nature-occitanie.org\/tresors-jardins\/wp-json\/wp\/v2\/pages\/277\/revisions\/560"}],"wp:attachment":[{"href":"https:\/\/enquetes.nature-occitanie.org\/tresors-jardins\/wp-json\/wp\/v2\/media?parent=277"}],"curies":[{"name":"wp","href":"https:\/\/api.w.org\/{rel}","templated":true}]}}