{"id":5,"date":"2021-05-14T15:19:00","date_gmt":"2021-05-14T13:19:00","guid":{"rendered":"http:\/\/enquetes.nature-occitanie.org\/tresors-jardins\/fabriquez\/"},"modified":"2022-01-14T16:55:14","modified_gmt":"2022-01-14T15:55:14","slug":"decouvrir","status":"publish","type":"page","link":"https:\/\/enquetes.nature-occitanie.org\/tresors-jardins\/decouvrir\/","title":{"rendered":"Participer"},"content":{"rendered":"\n<div class=\"wp-block-group\"><div class=\"wp-block-group__inner-container\">\n<blockquote class=\"wp-block-quote is-style-large\"><p>L&rsquo;objectif du projet \u00ab\u00a0Tr\u00e9sors de mon Jardin\u00a0\u00bb est de mieux comprendre le r\u00f4le qu&rsquo;occupent les jardins priv\u00e9s au sein de la trame \u00e9cologique urbaine.<\/p><\/blockquote>\n<\/div><\/div>\n\n\n\n<h4><img loading=\"lazy\" width=\"70\" height=\"70\" class=\"wp-image-104\" style=\"width: 70px\" src=\"https:\/\/enquetes.nature-occitanie.org\/tresors-jardins\/wp-content\/uploads\/sites\/5\/2021\/05\/logo_site1.png\" alt=\"\"> <strong>Qui peut participer ?<\/strong><\/h4>\n\n\n\n<p><strong>Except\u00e9 les jardins publics et hors sol, tous les types de jardins peuvent participer au projet<\/strong>, quelle que soit leur taille. Ils peuvent \u00eatre localis\u00e9s chez des particuliers mais aussi dans des r\u00e9sidences, au pied d\u2019immeubles, au sein d\u2019\u00e9coles ou d\u2019entreprises\u2026 <strong>Ces jardins doivent imp\u00e9rativement \u00eatre situ\u00e9s \u00e0 Montpellier ou \u00e0 Toulouse intra-muros<\/strong>.<\/p>\n\n\n\n<div class=\"wp-block-columns\">\n<div class=\"wp-block-column\" style=\"flex-basis:66.66%\">\n<h4> <strong>Comment participer ?<\/strong><\/h4>\n\n\n\n<ul><li><strong><a href=\"https:\/\/enquetes.nature-occitanie.org\/tresors-jardins\/decrire\/\" data-type=\"page\" data-id=\"92\">D\u00e9crire<\/a><\/strong> : r\u00e9alisez votre propre diagnostic du jardin gr\u00e2ce \u00e0 un formulaire \u00e0 remplir en ligne.<\/li><li><strong><a href=\"https:\/\/enquetes.nature-occitanie.org\/tresors-jardins\/observer\/\" data-type=\"page\" data-id=\"4\">Observer<\/a><\/strong> : au fil des saisons, partagez vos d\u00e9couvertes en saisissant vos observations.<\/li><li><strong>Ouvrir le jardin<\/strong> : pour une partie des jardins, des experts naturalistes ou des personnes relais form\u00e9es viendront sur place pendant une demie-journ\u00e9e r\u00e9aliser des inventaires approfondis et \u00e9changer avec les habitants.<\/li><\/ul>\n<\/div>\n\n\n\n<div class=\"wp-block-column\" style=\"flex-basis:33.33%\">\n<div class=\"wp-block-image\"><figure class=\"aligncenter size-large\"><img loading=\"lazy\" width=\"500\" height=\"366\" src=\"https:\/\/enquetes.nature-occitanie.org\/tresors-jardins\/wp-content\/uploads\/sites\/5\/2021\/06\/P7198095_500.jpg\" alt=\"\" class=\"wp-image-493\" srcset=\"https:\/\/enquetes.nature-occitanie.org\/tresors-jardins\/wp-content\/uploads\/sites\/5\/2021\/06\/P7198095_500.jpg 500w, https:\/\/enquetes.nature-occitanie.org\/tresors-jardins\/wp-content\/uploads\/sites\/5\/2021\/06\/P7198095_500-300x220.jpg 300w\" sizes=\"(max-width: 500px) 100vw, 500px\" \/><\/figure><\/div>\n<\/div>\n<\/div>\n\n\n\n<div class=\"wp-block-columns\">\n<div class=\"wp-block-column\" style=\"flex-basis:33.33%\">\n<figure class=\"wp-block-image size-large\"><img loading=\"lazy\" width=\"500\" height=\"376\" src=\"https:\/\/enquetes.nature-occitanie.org\/tresors-jardins\/wp-content\/uploads\/sites\/5\/2021\/06\/Merle-noir-Turdus-merulaMNicolas_500.jpg\" alt=\"\" class=\"wp-image-494\" srcset=\"https:\/\/enquetes.nature-occitanie.org\/tresors-jardins\/wp-content\/uploads\/sites\/5\/2021\/06\/Merle-noir-Turdus-merulaMNicolas_500.jpg 500w, https:\/\/enquetes.nature-occitanie.org\/tresors-jardins\/wp-content\/uploads\/sites\/5\/2021\/06\/Merle-noir-Turdus-merulaMNicolas_500-300x226.jpg 300w\" sizes=\"(max-width: 500px) 100vw, 500px\" \/><\/figure>\n<\/div>\n\n\n\n<div class=\"wp-block-column\" style=\"flex-basis:66.66%\">\n<p>\u00c0 l\u2019issue des inventaires nous \u00e9changerons <strong>conseils et pr\u00e9conisations<\/strong> avec les habitants, le but \u00e9tant de vous impliquer concr\u00e8tement et d\u2019<strong>am\u00e9liorer les potentialit\u00e9s du jardin pour l\u2019accueil de la biodiversit\u00e9<\/strong>.<\/p>\n\n\n\n<p>A chaque \u00e9tape, pour une d\u00e9termination d\u2019esp\u00e8ce sur photographie ou une question li\u00e9e au projet, gardez le contact avec nous gr\u00e2ce \u00e0 <strong>l&rsquo;assistance en ligne naturaliste<\/strong>.<\/p>\n\n\n\n<p><strong>Tenez-vous au courant !<\/strong><br>La lettre d&rsquo;informations vous tiendra au courant des derni\u00e8res actus, <a href=\"https:\/\/enquetes.nature-occitanie.org\/tresors-jardins\/suivre-lactu\/\" data-type=\"page\" data-id=\"6\">suivez-les \u00e9galement sur notre site<\/a>.<\/p>\n<\/div>\n<\/div>\n\n\n\n<p><strong>Jardins participants au projet<\/strong><\/p>\n\n\n\n<p>Ci-dessous voici la carte des jardins pour lesquels la fiche diagnostique a \u00e9t\u00e9 remplie !<\/p>\n\n\n\n<!-- iframe plugin v.4.5 wordpress.org\/plugins\/iframe\/ -->\n<iframe src=\"https:\/\/www.euziere.org\/?JardinsCarte\/iframe\" height=\"800px\" width=\"100%\" scrolling=\"yes\" class=\"iframe-class\" frameborder=\"0\"><\/iframe>\n\n","protected":false},"excerpt":{"rendered":"<p>L&rsquo;objectif du projet \u00ab\u00a0Tr\u00e9sors de mon Jardin\u00a0\u00bb est de mieux comprendre le r\u00f4le qu&rsquo;occupent les jardins priv\u00e9s au sein de la trame \u00e9cologique urbaine. Qui peut participer ? Except\u00e9 les jardins publics et hors sol, tous les types de jardins peuvent participer au projet, quelle que soit leur taille. Ils peuvent \u00eatre localis\u00e9s chez des [&hellip;]<\/p>\n","protected":false},"author":1,"featured_media":0,"parent":0,"menu_order":0,"comment_status":"closed","ping_status":"closed","template":"","meta":[],"_links":{"self":[{"href":"https:\/\/enquetes.nature-occitanie.org\/tresors-jardins\/wp-json\/wp\/v2\/pages\/5"}],"collection":[{"href":"https:\/\/enquetes.nature-occitanie.org\/tresors-jardins\/wp-json\/wp\/v2\/pages"}],"about":[{"href":"https:\/\/enquetes.nature-occitanie.org\/tresors-jardins\/wp-json\/wp\/v2\/types\/page"}],"author":[{"embeddable":true,"href":"https:\/\/enquetes.nature-occitanie.org\/tresors-jardins\/wp-json\/wp\/v2\/users\/1"}],"replies":[{"embeddable":true,"href":"https:\/\/enquetes.nature-occitanie.org\/tresors-jardins\/wp-json\/wp\/v2\/comments?post=5"}],"version-history":[{"count":23,"href":"https:\/\/enquetes.nature-occitanie.org\/tresors-jardins\/wp-json\/wp\/v2\/pages\/5\/revisions"}],"predecessor-version":[{"id":848,"href":"https:\/\/enquetes.nature-occitanie.org\/tresors-jardins\/wp-json\/wp\/v2\/pages\/5\/revisions\/848"}],"wp:attachment":[{"href":"https:\/\/enquetes.nature-occitanie.org\/tresors-jardins\/wp-json\/wp\/v2\/media?parent=5"}],"curies":[{"name":"wp","href":"https:\/\/api.w.org\/{rel}","templated":true}]}}