{"id":851,"date":"2022-08-26T22:25:06","date_gmt":"2022-08-26T20:25:06","guid":{"rendered":"https:\/\/enquetes.nature-occitanie.org\/tresors-jardins\/?page_id=851"},"modified":"2022-08-29T16:58:33","modified_gmt":"2022-08-29T14:58:33","slug":"3-agir","status":"publish","type":"page","link":"https:\/\/enquetes.nature-occitanie.org\/tresors-jardins\/3-agir\/","title":{"rendered":"3-Agir"},"content":{"rendered":"\n<p>Sur cette page retrouvez des ressources que nous avons s\u00e9lectionn\u00e9 pour vous aider \u00e0 passer \u00e0 l&rsquo;action, \u00e0 votre niveau, dans votre jardin :  accepter et accueillir la biodiversit\u00e9, en savoir plus sur certaines esp\u00e8ces, apprendre des bonnes pratiques&#8230; \u00e0 vous de jouer !<\/p>\n\n\n\n<div class=\"wp-block-columns\">\n<div class=\"wp-block-column\">\n<div class=\"wp-block-image is-style-default\"><figure class=\"aligncenter size-full is-resized\"><a href=\"https:\/\/enquetes.nature-occitanie.org\/tresors-jardins\/?page_id=956&amp;preview=true\" rel=\"956\"><img loading=\"lazy\" src=\"https:\/\/enquetes.nature-occitanie.org\/tresors-jardins\/wp-content\/uploads\/sites\/5\/2022\/08\/bee-1.png\" alt=\"\" class=\"wp-image-951\" width=\"200\" height=\"200\" srcset=\"https:\/\/enquetes.nature-occitanie.org\/tresors-jardins\/wp-content\/uploads\/sites\/5\/2022\/08\/bee-1.png 512w, https:\/\/enquetes.nature-occitanie.org\/tresors-jardins\/wp-content\/uploads\/sites\/5\/2022\/08\/bee-1-300x300.png 300w, https:\/\/enquetes.nature-occitanie.org\/tresors-jardins\/wp-content\/uploads\/sites\/5\/2022\/08\/bee-1-150x150.png 150w\" sizes=\"(max-width: 200px) 100vw, 200px\" \/><\/a><figcaption><strong><a href=\"https:\/\/enquetes.nature-occitanie.org\/tresors-jardins\/?page_id=956&amp;preview=true\">Faire tomber les id\u00e9es re\u00e7ues et accepter le sauvage<\/a><\/strong><\/figcaption><\/figure><\/div>\n\n\n\n<div class=\"wp-block-image is-style-default\"><figure class=\"aligncenter size-full is-resized\"><a href=\"https:\/\/enquetes.nature-occitanie.org\/tresors-jardins\/construire-des-minis-ecosystemes\/\"><img loading=\"lazy\" src=\"https:\/\/enquetes.nature-occitanie.org\/tresors-jardins\/wp-content\/uploads\/sites\/5\/2022\/08\/pond.png\" alt=\"\" class=\"wp-image-946\" width=\"200\" height=\"200\" srcset=\"https:\/\/enquetes.nature-occitanie.org\/tresors-jardins\/wp-content\/uploads\/sites\/5\/2022\/08\/pond.png 512w, https:\/\/enquetes.nature-occitanie.org\/tresors-jardins\/wp-content\/uploads\/sites\/5\/2022\/08\/pond-300x300.png 300w, https:\/\/enquetes.nature-occitanie.org\/tresors-jardins\/wp-content\/uploads\/sites\/5\/2022\/08\/pond-150x150.png 150w\" sizes=\"(max-width: 200px) 100vw, 200px\" \/><\/a><figcaption><strong><a href=\"https:\/\/enquetes.nature-occitanie.org\/tresors-jardins\/construire-des-minis-ecosystemes\/\">Construire des minis-\u00e9cosyst\u00e8mes<\/a><\/strong><\/figcaption><\/figure><\/div>\n\n\n\n<div class=\"wp-block-image is-style-default\"><figure class=\"aligncenter size-full is-resized\"><a href=\"https:\/\/enquetes.nature-occitanie.org\/tresors-jardins\/decouvrir-son-jardin-en-samusant\/\"><img loading=\"lazy\" src=\"https:\/\/enquetes.nature-occitanie.org\/tresors-jardins\/wp-content\/uploads\/sites\/5\/2022\/08\/treasure-map.png\" alt=\"\" class=\"wp-image-943\" width=\"200\" height=\"200\" srcset=\"https:\/\/enquetes.nature-occitanie.org\/tresors-jardins\/wp-content\/uploads\/sites\/5\/2022\/08\/treasure-map.png 512w, https:\/\/enquetes.nature-occitanie.org\/tresors-jardins\/wp-content\/uploads\/sites\/5\/2022\/08\/treasure-map-300x300.png 300w, https:\/\/enquetes.nature-occitanie.org\/tresors-jardins\/wp-content\/uploads\/sites\/5\/2022\/08\/treasure-map-150x150.png 150w\" sizes=\"(max-width: 200px) 100vw, 200px\" \/><\/a><figcaption><strong><a href=\"https:\/\/enquetes.nature-occitanie.org\/tresors-jardins\/decouvrir-son-jardin-en-samusant\/\">D\u00e9couvrir son jardin en s&rsquo;amusant<\/a><\/strong><\/figcaption><\/figure><\/div>\n<\/div>\n\n\n\n<div class=\"wp-block-column\">\n<div class=\"wp-block-image is-style-default\"><figure class=\"aligncenter size-full is-resized\"><a href=\"https:\/\/enquetes.nature-occitanie.org\/tresors-jardins\/?page_id=969\" rel=\"969\"><img loading=\"lazy\" src=\"https:\/\/enquetes.nature-occitanie.org\/tresors-jardins\/wp-content\/uploads\/sites\/5\/2022\/08\/birdhouse.png\" alt=\"\" class=\"wp-image-945\" width=\"200\" height=\"200\" srcset=\"https:\/\/enquetes.nature-occitanie.org\/tresors-jardins\/wp-content\/uploads\/sites\/5\/2022\/08\/birdhouse.png 512w, https:\/\/enquetes.nature-occitanie.org\/tresors-jardins\/wp-content\/uploads\/sites\/5\/2022\/08\/birdhouse-300x300.png 300w, https:\/\/enquetes.nature-occitanie.org\/tresors-jardins\/wp-content\/uploads\/sites\/5\/2022\/08\/birdhouse-150x150.png 150w\" sizes=\"(max-width: 200px) 100vw, 200px\" \/><\/a><figcaption><strong><a href=\"https:\/\/enquetes.nature-occitanie.org\/tresors-jardins\/?page_id=969\">Construire des refuges pour la faune<\/a><\/strong><\/figcaption><\/figure><\/div>\n\n\n\n<div class=\"wp-block-image is-style-default\"><figure class=\"aligncenter size-full is-resized\"><a href=\"https:\/\/enquetes.nature-occitanie.org\/tresors-jardins\/adapter-les-constructions-existantes-en-faveur-de-la-biodiversite\/\"><img loading=\"lazy\" src=\"https:\/\/enquetes.nature-occitanie.org\/tresors-jardins\/wp-content\/uploads\/sites\/5\/2022\/08\/house.png\" alt=\"\" class=\"wp-image-941\" width=\"200\" height=\"200\" srcset=\"https:\/\/enquetes.nature-occitanie.org\/tresors-jardins\/wp-content\/uploads\/sites\/5\/2022\/08\/house.png 512w, https:\/\/enquetes.nature-occitanie.org\/tresors-jardins\/wp-content\/uploads\/sites\/5\/2022\/08\/house-300x300.png 300w, https:\/\/enquetes.nature-occitanie.org\/tresors-jardins\/wp-content\/uploads\/sites\/5\/2022\/08\/house-150x150.png 150w\" sizes=\"(max-width: 200px) 100vw, 200px\" \/><\/a><figcaption><strong><a href=\"https:\/\/enquetes.nature-occitanie.org\/tresors-jardins\/adapter-les-constructions-existantes-en-faveur-de-la-biodiversite\/\">Adapter les constructions existantes en faveur de la biodiversit\u00e9<\/a><\/strong><\/figcaption><\/figure><\/div>\n\n\n\n<div class=\"wp-block-image is-style-default\"><figure class=\"aligncenter size-full is-resized\"><a href=\"https:\/\/enquetes.nature-occitanie.org\/tresors-jardins\/aller-plus-loin\/\"><img loading=\"lazy\" src=\"https:\/\/enquetes.nature-occitanie.org\/tresors-jardins\/wp-content\/uploads\/sites\/5\/2022\/08\/book.png\" alt=\"\" class=\"wp-image-939\" width=\"200\" height=\"200\" srcset=\"https:\/\/enquetes.nature-occitanie.org\/tresors-jardins\/wp-content\/uploads\/sites\/5\/2022\/08\/book.png 512w, https:\/\/enquetes.nature-occitanie.org\/tresors-jardins\/wp-content\/uploads\/sites\/5\/2022\/08\/book-300x300.png 300w, https:\/\/enquetes.nature-occitanie.org\/tresors-jardins\/wp-content\/uploads\/sites\/5\/2022\/08\/book-150x150.png 150w\" sizes=\"(max-width: 200px) 100vw, 200px\" \/><\/a><figcaption><strong><a href=\"https:\/\/enquetes.nature-occitanie.org\/tresors-jardins\/aller-plus-loin\/\">Aller plus loin\u2026<\/a><\/strong><\/figcaption><\/figure><\/div>\n<\/div>\n\n\n\n<div class=\"wp-block-column\">\n<div class=\"wp-block-image is-style-default\"><figure class=\"aligncenter size-full is-resized\"><a href=\"https:\/\/enquetes.nature-occitanie.org\/tresors-jardins\/planter-un-potager-des-arbres-des-fleurs\/\"><img loading=\"lazy\" src=\"https:\/\/enquetes.nature-occitanie.org\/tresors-jardins\/wp-content\/uploads\/sites\/5\/2022\/08\/planting.png\" alt=\"\" class=\"wp-image-942\" width=\"200\" height=\"200\" srcset=\"https:\/\/enquetes.nature-occitanie.org\/tresors-jardins\/wp-content\/uploads\/sites\/5\/2022\/08\/planting.png 512w, https:\/\/enquetes.nature-occitanie.org\/tresors-jardins\/wp-content\/uploads\/sites\/5\/2022\/08\/planting-300x300.png 300w, https:\/\/enquetes.nature-occitanie.org\/tresors-jardins\/wp-content\/uploads\/sites\/5\/2022\/08\/planting-150x150.png 150w\" sizes=\"(max-width: 200px) 100vw, 200px\" \/><\/a><figcaption><strong><a href=\"https:\/\/enquetes.nature-occitanie.org\/tresors-jardins\/planter-un-potager-des-arbres-des-fleurs\/\">Planter un potager, des arbres, des fleurs\u2026<\/a><\/strong><\/figcaption><\/figure><\/div>\n\n\n\n<div class=\"wp-block-image is-style-default\"><figure class=\"aligncenter size-full is-resized\"><a href=\"https:\/\/enquetes.nature-occitanie.org\/tresors-jardins\/economiser-leau\/\"><img loading=\"lazy\" src=\"https:\/\/enquetes.nature-occitanie.org\/tresors-jardins\/wp-content\/uploads\/sites\/5\/2022\/08\/arrosoir.png\" alt=\"\" class=\"wp-image-937\" width=\"200\" height=\"200\" srcset=\"https:\/\/enquetes.nature-occitanie.org\/tresors-jardins\/wp-content\/uploads\/sites\/5\/2022\/08\/arrosoir.png 512w, https:\/\/enquetes.nature-occitanie.org\/tresors-jardins\/wp-content\/uploads\/sites\/5\/2022\/08\/arrosoir-300x300.png 300w, https:\/\/enquetes.nature-occitanie.org\/tresors-jardins\/wp-content\/uploads\/sites\/5\/2022\/08\/arrosoir-150x150.png 150w\" sizes=\"(max-width: 200px) 100vw, 200px\" \/><\/a><figcaption><strong><a href=\"https:\/\/enquetes.nature-occitanie.org\/tresors-jardins\/economiser-leau\/\">\u00c9conomiser l&rsquo;eau<\/a><\/strong><\/figcaption><\/figure><\/div>\n<\/div>\n<\/div>\n","protected":false},"excerpt":{"rendered":"<p>Sur cette page retrouvez des ressources que nous avons s\u00e9lectionn\u00e9 pour vous aider \u00e0 passer \u00e0 l&rsquo;action, \u00e0 votre niveau, dans votre jardin : accepter et accueillir la biodiversit\u00e9, en savoir plus sur certaines esp\u00e8ces, apprendre des bonnes pratiques&#8230; \u00e0 vous de jouer !<\/p>\n","protected":false},"author":2,"featured_media":0,"parent":0,"menu_order":0,"comment_status":"closed","ping_status":"closed","template":"","meta":[],"_links":{"self":[{"href":"https:\/\/enquetes.nature-occitanie.org\/tresors-jardins\/wp-json\/wp\/v2\/pages\/851"}],"collection":[{"href":"https:\/\/enquetes.nature-occitanie.org\/tresors-jardins\/wp-json\/wp\/v2\/pages"}],"about":[{"href":"https:\/\/enquetes.nature-occitanie.org\/tresors-jardins\/wp-json\/wp\/v2\/types\/page"}],"author":[{"embeddable":true,"href":"https:\/\/enquetes.nature-occitanie.org\/tresors-jardins\/wp-json\/wp\/v2\/users\/2"}],"replies":[{"embeddable":true,"href":"https:\/\/enquetes.nature-occitanie.org\/tresors-jardins\/wp-json\/wp\/v2\/comments?post=851"}],"version-history":[{"count":23,"href":"https:\/\/enquetes.nature-occitanie.org\/tresors-jardins\/wp-json\/wp\/v2\/pages\/851\/revisions"}],"predecessor-version":[{"id":1024,"href":"https:\/\/enquetes.nature-occitanie.org\/tresors-jardins\/wp-json\/wp\/v2\/pages\/851\/revisions\/1024"}],"wp:attachment":[{"href":"https:\/\/enquetes.nature-occitanie.org\/tresors-jardins\/wp-json\/wp\/v2\/media?parent=851"}],"curies":[{"name":"wp","href":"https:\/\/api.w.org\/{rel}","templated":true}]}}