{"id":92,"date":"2021-05-20T12:39:50","date_gmt":"2021-05-20T10:39:50","guid":{"rendered":"https:\/\/enquetes.nature-occitanie.org\/tresors-jardins\/?page_id=92"},"modified":"2022-01-14T16:52:33","modified_gmt":"2022-01-14T15:52:33","slug":"decrire","status":"publish","type":"page","link":"https:\/\/enquetes.nature-occitanie.org\/tresors-jardins\/decrire\/","title":{"rendered":"1-D\u00e9crire"},"content":{"rendered":"\n<h4><img loading=\"lazy\" width=\"70\" height=\"60\" class=\"wp-image-105\" style=\"width: 70px\" src=\"https:\/\/enquetes.nature-occitanie.org\/tresors-jardins\/wp-content\/uploads\/sites\/5\/2021\/05\/logo_site2.png\" alt=\"\"><strong> Apprendre \u00e0 conna\u00eetre son jardin : le diagnostic initia<\/strong>l<\/h4>\n\n\n\n<div class=\"wp-block-columns\">\n<div class=\"wp-block-column\" style=\"flex-basis:66.66%\">\n<p><strong>R\u00e9alisez votre propre d&rsquo;identit\u00e9 du jardin gr\u00e2ce \u00e0 un formulaire \u00e0 remplir en ligne<\/strong>. Les questions portent sur les caract\u00e9ristiques du jardin : superficie, emplacement, type de v\u00e9g\u00e9tation, pr\u00e9sence de vieux murs ou de point d\u2019eau, type de cl\u00f4ture&#8230; Les informations r\u00e9colt\u00e9es seront pr\u00e9cieuses pour mieux comprendre les caract\u00e9ristiques des espaces verts priv\u00e9s en ville : habitats favorables, connexion entre jardins&#8230;<\/p>\n\n\n\n<p><strong>Tous les participants qui le souhaitent peuvent renseigner ce formulaire. Il n&rsquo;est pas obligatoire de participer aux enqu\u00eates participatives, ni qu&rsquo;un expert naturaliste vienne sur place faire un inventaire<\/strong> !<\/p>\n<\/div>\n\n\n\n<div class=\"wp-block-column\" style=\"flex-basis:33.33%\">\n<figure class=\"wp-block-image size-large\"><img loading=\"lazy\" width=\"500\" height=\"375\" src=\"https:\/\/enquetes.nature-occitanie.org\/tresors-jardins\/wp-content\/uploads\/sites\/5\/2021\/06\/20200503_115721_500.jpg\" alt=\"\" class=\"wp-image-490\" srcset=\"https:\/\/enquetes.nature-occitanie.org\/tresors-jardins\/wp-content\/uploads\/sites\/5\/2021\/06\/20200503_115721_500.jpg 500w, https:\/\/enquetes.nature-occitanie.org\/tresors-jardins\/wp-content\/uploads\/sites\/5\/2021\/06\/20200503_115721_500-300x225.jpg 300w\" sizes=\"(max-width: 500px) 100vw, 500px\" \/><\/figure>\n<\/div>\n<\/div>\n\n\n\n<!-- iframe plugin v.4.5 wordpress.org\/plugins\/iframe\/ -->\n<iframe src=\"https:\/\/www.euziere.org\/?JardinsDecrire\/iframe\" height=\"800px\" width=\"100%\" scrolling=\"yes\" class=\"iframe-class\" frameborder=\"0\"><\/iframe>\n\n","protected":false},"excerpt":{"rendered":"<p>Apprendre \u00e0 conna\u00eetre son jardin : le diagnostic initial R\u00e9alisez votre propre d&rsquo;identit\u00e9 du jardin gr\u00e2ce \u00e0 un formulaire \u00e0 remplir en ligne. Les questions portent sur les caract\u00e9ristiques du jardin : superficie, emplacement, type de v\u00e9g\u00e9tation, pr\u00e9sence de vieux murs ou de point d\u2019eau, type de cl\u00f4ture&#8230; Les informations r\u00e9colt\u00e9es seront pr\u00e9cieuses pour mieux [&hellip;]<\/p>\n","protected":false},"author":2,"featured_media":169,"parent":0,"menu_order":0,"comment_status":"closed","ping_status":"closed","template":"","meta":[],"_links":{"self":[{"href":"https:\/\/enquetes.nature-occitanie.org\/tresors-jardins\/wp-json\/wp\/v2\/pages\/92"}],"collection":[{"href":"https:\/\/enquetes.nature-occitanie.org\/tresors-jardins\/wp-json\/wp\/v2\/pages"}],"about":[{"href":"https:\/\/enquetes.nature-occitanie.org\/tresors-jardins\/wp-json\/wp\/v2\/types\/page"}],"author":[{"embeddable":true,"href":"https:\/\/enquetes.nature-occitanie.org\/tresors-jardins\/wp-json\/wp\/v2\/users\/2"}],"replies":[{"embeddable":true,"href":"https:\/\/enquetes.nature-occitanie.org\/tresors-jardins\/wp-json\/wp\/v2\/comments?post=92"}],"version-history":[{"count":25,"href":"https:\/\/enquetes.nature-occitanie.org\/tresors-jardins\/wp-json\/wp\/v2\/pages\/92\/revisions"}],"predecessor-version":[{"id":844,"href":"https:\/\/enquetes.nature-occitanie.org\/tresors-jardins\/wp-json\/wp\/v2\/pages\/92\/revisions\/844"}],"wp:featuredmedia":[{"embeddable":true,"href":"https:\/\/enquetes.nature-occitanie.org\/tresors-jardins\/wp-json\/wp\/v2\/media\/169"}],"wp:attachment":[{"href":"https:\/\/enquetes.nature-occitanie.org\/tresors-jardins\/wp-json\/wp\/v2\/media?parent=92"}],"curies":[{"name":"wp","href":"https:\/\/api.w.org\/{rel}","templated":true}]}}