{"id":956,"date":"2022-08-29T10:22:15","date_gmt":"2022-08-29T08:22:15","guid":{"rendered":"https:\/\/enquetes.nature-occitanie.org\/tresors-jardins\/?page_id=956"},"modified":"2022-08-29T12:28:43","modified_gmt":"2022-08-29T10:28:43","slug":"faire-tomber-les-idees-recues-et-accepter-le-sauvage","status":"publish","type":"page","link":"https:\/\/enquetes.nature-occitanie.org\/tresors-jardins\/faire-tomber-les-idees-recues-et-accepter-le-sauvage\/","title":{"rendered":"Faire tomber les id\u00e9es re\u00e7ues et accepter le sauvage"},"content":{"rendered":"\n<ul><li><a rel=\"noreferrer noopener\" href=\"https:\/\/www.sciencesetavenir.fr\/animaux\/arthropodes\/cinq-idees-recues-sur-les-araignees_149840\" target=\"_blank\"><strong>Cinq id\u00e9es re\u00e7ues tr\u00e8s courantes sur les araign\u00e9es<\/strong><\/a><\/li><\/ul>\n\n\n\n<ul><li><a rel=\"noreferrer noopener\" href=\"https:\/\/plan-actions-chiropteres.fr\/les-chauve-souris\/idees-recues\" target=\"_blank\"><strong>Six id\u00e9es re\u00e7ues sur les chauves-souris<\/strong><\/a><\/li><\/ul>\n\n\n\n<ul><li><a rel=\"noreferrer noopener\" href=\"http:\/\/www.vespa-crabro.com\/frelons.htm\" target=\"_blank\"><strong>N&rsquo;ayons plus peur des frelons !<\/strong><\/a><\/li><\/ul>\n\n\n\n<ul><li><a rel=\"noreferrer noopener\" href=\"http:\/\/www.jardinsdenoe.org\/le-lierre-grimpant-impopulaire-malgre-lui\/\" target=\"_blank\"><strong>Le lierre grimpant, impopulaire malgr\u00e9 lui<\/strong><\/a><\/li><\/ul>\n\n\n\n<ul><li><a rel=\"noreferrer noopener\" href=\"https:\/\/www.jardiner-autrement.fr\/les-mauvaises-herbes-ou-plantes-indesirables\/\" target=\"_blank\"><strong>Pour ne plus dire \u00ab\u00a0mauvaises herbes\u00a0\u00bb<\/strong><\/a><\/li><\/ul>\n\n\n\n<ul><li><a rel=\"noreferrer noopener\" href=\"https:\/\/france3-regions.francetvinfo.fr\/grand-est\/alsace\/jardinage-et-si-on-arretait-de-tailler-nos-arbres-2320069.html\" target=\"_blank\"><strong>Et si on arr\u00eatait de tailler nos arbres ?<\/strong><\/a><\/li><\/ul>\n\n\n\n<ul><li><a rel=\"noreferrer noopener\" href=\"http:\/\/www.jardinsdenoe.org\/main-legere-sur-la-tonte\/\" target=\"_blank\"><strong>Main l\u00e9g\u00e8re sur la tonte !<\/strong><\/a><\/li><\/ul>\n\n\n\n<div style=\"height:100px\" aria-hidden=\"true\" class=\"wp-block-spacer\"><\/div>\n\n\n\n<div class=\"wp-block-buttons\">\n<div class=\"wp-block-button is-style-outline\"><a class=\"wp-block-button__link\" href=\"https:\/\/enquetes.nature-occitanie.org\/tresors-jardins\/3-agir\/\">Retour menu Agir<\/a><\/div>\n<\/div>\n\n\n\n<p><\/p>\n","protected":false},"excerpt":{"rendered":"<p>Cinq id\u00e9es re\u00e7ues tr\u00e8s courantes sur les araign\u00e9es Six id\u00e9es re\u00e7ues sur les chauves-souris N&rsquo;ayons plus peur des frelons ! Le lierre grimpant, impopulaire malgr\u00e9 lui Pour ne plus dire \u00ab\u00a0mauvaises herbes\u00a0\u00bb Et si on arr\u00eatait de tailler nos arbres ? Main l\u00e9g\u00e8re sur la tonte !<\/p>\n","protected":false},"author":2,"featured_media":0,"parent":0,"menu_order":0,"comment_status":"closed","ping_status":"closed","template":"","meta":[],"_links":{"self":[{"href":"https:\/\/enquetes.nature-occitanie.org\/tresors-jardins\/wp-json\/wp\/v2\/pages\/956"}],"collection":[{"href":"https:\/\/enquetes.nature-occitanie.org\/tresors-jardins\/wp-json\/wp\/v2\/pages"}],"about":[{"href":"https:\/\/enquetes.nature-occitanie.org\/tresors-jardins\/wp-json\/wp\/v2\/types\/page"}],"author":[{"embeddable":true,"href":"https:\/\/enquetes.nature-occitanie.org\/tresors-jardins\/wp-json\/wp\/v2\/users\/2"}],"replies":[{"embeddable":true,"href":"https:\/\/enquetes.nature-occitanie.org\/tresors-jardins\/wp-json\/wp\/v2\/comments?post=956"}],"version-history":[{"count":10,"href":"https:\/\/enquetes.nature-occitanie.org\/tresors-jardins\/wp-json\/wp\/v2\/pages\/956\/revisions"}],"predecessor-version":[{"id":986,"href":"https:\/\/enquetes.nature-occitanie.org\/tresors-jardins\/wp-json\/wp\/v2\/pages\/956\/revisions\/986"}],"wp:attachment":[{"href":"https:\/\/enquetes.nature-occitanie.org\/tresors-jardins\/wp-json\/wp\/v2\/media?parent=956"}],"curies":[{"name":"wp","href":"https:\/\/api.w.org\/{rel}","templated":true}]}}