{"id":969,"date":"2022-08-29T11:52:07","date_gmt":"2022-08-29T09:52:07","guid":{"rendered":"https:\/\/enquetes.nature-occitanie.org\/tresors-jardins\/?page_id=969"},"modified":"2023-01-13T10:53:41","modified_gmt":"2023-01-13T09:53:41","slug":"construire-des-refuges-pour-la-faune","status":"publish","type":"page","link":"https:\/\/enquetes.nature-occitanie.org\/tresors-jardins\/construire-des-refuges-pour-la-faune\/","title":{"rendered":"Construire des refuges pour la faune"},"content":{"rendered":"\n<ul><li><strong>Fiches pratiques pour cr\u00e9er des am\u00e9nagements pour la faune<\/strong><\/li><\/ul>\n\n\n\n<div class=\"wp-block-group\"><div class=\"wp-block-group__inner-container\">\n<div class=\"wp-block-columns are-vertically-aligned-top\">\n<div class=\"wp-block-column is-vertically-aligned-top\">\n<figure class=\"wp-block-image size-full\"><a href=\"https:\/\/enquetes.nature-occitanie.org\/tresors-jardins\/wp-content\/uploads\/sites\/5\/2023\/01\/Fiche_gite_chiro.pdf\" target=\"_blank\" rel=\"noopener\"><img loading=\"lazy\" width=\"615\" height=\"869\" src=\"https:\/\/enquetes.nature-occitanie.org\/tresors-jardins\/wp-content\/uploads\/sites\/5\/2023\/01\/apercu_fiche_chiro.png\" alt=\"\" class=\"wp-image-1067\" srcset=\"https:\/\/enquetes.nature-occitanie.org\/tresors-jardins\/wp-content\/uploads\/sites\/5\/2023\/01\/apercu_fiche_chiro.png 615w, https:\/\/enquetes.nature-occitanie.org\/tresors-jardins\/wp-content\/uploads\/sites\/5\/2023\/01\/apercu_fiche_chiro-212x300.png 212w\" sizes=\"(max-width: 615px) 100vw, 615px\" \/><\/a><figcaption>G\u00eete pour les chauves-souris<\/figcaption><\/figure>\n<\/div>\n\n\n\n<div class=\"wp-block-column is-vertically-aligned-top\">\n<figure class=\"wp-block-image size-full\"><a href=\"https:\/\/enquetes.nature-occitanie.org\/tresors-jardins\/wp-content\/uploads\/sites\/5\/2023\/01\/Fiche_nichoir_mesanges.pdf\" target=\"_blank\" rel=\"noopener\"><img loading=\"lazy\" width=\"614\" height=\"869\" src=\"https:\/\/enquetes.nature-occitanie.org\/tresors-jardins\/wp-content\/uploads\/sites\/5\/2023\/01\/apercu_fiche_mesange.png\" alt=\"\" class=\"wp-image-1071\" srcset=\"https:\/\/enquetes.nature-occitanie.org\/tresors-jardins\/wp-content\/uploads\/sites\/5\/2023\/01\/apercu_fiche_mesange.png 614w, https:\/\/enquetes.nature-occitanie.org\/tresors-jardins\/wp-content\/uploads\/sites\/5\/2023\/01\/apercu_fiche_mesange-212x300.png 212w\" sizes=\"(max-width: 614px) 100vw, 614px\" \/><\/a><figcaption>Nichoir \u00e0 m\u00e9sanges<\/figcaption><\/figure>\n<\/div>\n\n\n\n<div class=\"wp-block-column is-vertically-aligned-top\">\n<figure class=\"wp-block-image size-full\"><a href=\"https:\/\/enquetes.nature-occitanie.org\/tresors-jardins\/wp-content\/uploads\/sites\/5\/2023\/01\/Fiche_gites_a_insectes.pdf\" target=\"_blank\" rel=\"noopener\"><img loading=\"lazy\" width=\"614\" height=\"869\" src=\"https:\/\/enquetes.nature-occitanie.org\/tresors-jardins\/wp-content\/uploads\/sites\/5\/2023\/01\/apercu_fiche_insecte.png\" alt=\"\" class=\"wp-image-1074\" srcset=\"https:\/\/enquetes.nature-occitanie.org\/tresors-jardins\/wp-content\/uploads\/sites\/5\/2023\/01\/apercu_fiche_insecte.png 614w, https:\/\/enquetes.nature-occitanie.org\/tresors-jardins\/wp-content\/uploads\/sites\/5\/2023\/01\/apercu_fiche_insecte-212x300.png 212w\" sizes=\"(max-width: 614px) 100vw, 614px\" \/><\/a><figcaption>Refuges pour les insectes<\/figcaption><\/figure>\n<\/div>\n<\/div>\n\n\n\n<div class=\"wp-block-columns are-vertically-aligned-top\">\n<div class=\"wp-block-column is-vertically-aligned-top\">\n<figure class=\"wp-block-image size-full\"><a href=\"https:\/\/enquetes.nature-occitanie.org\/tresors-jardins\/wp-content\/uploads\/sites\/5\/2023\/01\/Fiche_nichoir_huppe.pdf\" target=\"_blank\" rel=\"noopener\"><img loading=\"lazy\" width=\"613\" height=\"868\" src=\"https:\/\/enquetes.nature-occitanie.org\/tresors-jardins\/wp-content\/uploads\/sites\/5\/2023\/01\/apercu_fiche_huppe.png\" alt=\"\" class=\"wp-image-1070\" srcset=\"https:\/\/enquetes.nature-occitanie.org\/tresors-jardins\/wp-content\/uploads\/sites\/5\/2023\/01\/apercu_fiche_huppe.png 613w, https:\/\/enquetes.nature-occitanie.org\/tresors-jardins\/wp-content\/uploads\/sites\/5\/2023\/01\/apercu_fiche_huppe-212x300.png 212w\" sizes=\"(max-width: 613px) 100vw, 613px\" \/><\/a><figcaption>Nichoir \u00e0 huppe et petit-duc<\/figcaption><\/figure>\n<\/div>\n\n\n\n<div class=\"wp-block-column is-vertically-aligned-top\">\n<figure class=\"wp-block-image size-full\"><a href=\"https:\/\/enquetes.nature-occitanie.org\/tresors-jardins\/wp-content\/uploads\/sites\/5\/2023\/01\/Fiche_abri_coccinelles.pdf\" target=\"_blank\" rel=\"noopener\"><img loading=\"lazy\" width=\"617\" height=\"874\" src=\"https:\/\/enquetes.nature-occitanie.org\/tresors-jardins\/wp-content\/uploads\/sites\/5\/2023\/01\/apercu_fiche_coccinelle.png\" alt=\"\" class=\"wp-image-1068\" srcset=\"https:\/\/enquetes.nature-occitanie.org\/tresors-jardins\/wp-content\/uploads\/sites\/5\/2023\/01\/apercu_fiche_coccinelle.png 617w, https:\/\/enquetes.nature-occitanie.org\/tresors-jardins\/wp-content\/uploads\/sites\/5\/2023\/01\/apercu_fiche_coccinelle-212x300.png 212w\" sizes=\"(max-width: 617px) 100vw, 617px\" \/><\/a><figcaption>G\u00eetes pour les coccinelles<\/figcaption><\/figure>\n<\/div>\n\n\n\n<div class=\"wp-block-column is-vertically-aligned-top\">\n<figure class=\"wp-block-image size-full\"><a href=\"https:\/\/enquetes.nature-occitanie.org\/tresors-jardins\/wp-content\/uploads\/sites\/5\/2023\/01\/Fiche_abri_herisson.pdf\" target=\"_blank\" rel=\"noopener\"><img loading=\"lazy\" width=\"615\" height=\"874\" src=\"https:\/\/enquetes.nature-occitanie.org\/tresors-jardins\/wp-content\/uploads\/sites\/5\/2023\/01\/apercu_fiche_herisson.png\" alt=\"\" class=\"wp-image-1069\" srcset=\"https:\/\/enquetes.nature-occitanie.org\/tresors-jardins\/wp-content\/uploads\/sites\/5\/2023\/01\/apercu_fiche_herisson.png 615w, https:\/\/enquetes.nature-occitanie.org\/tresors-jardins\/wp-content\/uploads\/sites\/5\/2023\/01\/apercu_fiche_herisson-211x300.png 211w\" sizes=\"(max-width: 615px) 100vw, 615px\" \/><\/a><figcaption>Abris pour le H\u00e9risson d&rsquo;Europe<\/figcaption><\/figure>\n<\/div>\n<\/div>\n<\/div><\/div>\n\n\n\n<ul><li><strong>Offrir le g\u00eete et le couvert aux oiseaux des jardins<\/strong><\/li><\/ul>\n\n\n\n<p><a href=\"https:\/\/www.fcpn.org\/activites_nature\/activites-animaux\/oiseaux\/aide\" target=\"_blank\" rel=\"noreferrer noopener\">Comment aider les oiseaux<\/a><\/p>\n\n\n\n<p><a href=\"http:\/\/www.jardinsdenoe.org\/nourrir-les-oiseaux-en-hiver-comment-faire\/\" target=\"_blank\" rel=\"noreferrer noopener\">Nourrir les oiseaux en hiver&nbsp;: comment faire&nbsp;?<\/a><\/p>\n\n\n\n<p><a href=\"https:\/\/www.ornithomedia.com\/pratique\/conseils\/differents-types-nichoirs-00172\/\" target=\"_blank\" rel=\"noreferrer noopener\">Les diff\u00e9rents types de nichoirs pour oiseaux<\/a><\/p>\n\n\n\n<ul><li><strong>Favoriser les insectes pollinisateurs et auxiliaires du jardin<\/strong><\/li><\/ul>\n\n\n\n<p><a href=\"http:\/\/www.jardinsdenoe.org\/comment-accueillir-les-insectes-chez-soi\/\" target=\"_blank\" rel=\"noreferrer noopener\">Comment accueillir les insectes chez soi ?<\/a><\/p>\n\n\n\n<p><a href=\"https:\/\/www.terrevivante.org\/contenu\/comment-construire-hotel-insectes\/\" target=\"_blank\" rel=\"noreferrer noopener\">Comment construire un h\u00f4tel \u00e0 insectes ?<\/a><\/p>\n\n\n\n<ul><li><a href=\"http:\/\/www.naturemp.org\/Accueillir-les-chauves-souris.html\" target=\"_blank\" rel=\"noreferrer noopener\"><strong>Accueillir des chauves-souris<\/strong><\/a><\/li><\/ul>\n\n\n\n<ul><li><a href=\"https:\/\/missionherisson.org\/herissons\/amenagements-au-jardin\" target=\"_blank\" rel=\"noreferrer noopener\"><strong>Aider et accueillir le H\u00e9risson d&rsquo;Europe<\/strong><\/a><\/li><\/ul>\n\n\n\n<ul><li><a href=\"http:\/\/www.espaces-naturels.info\/amenager-abris-reptiles\" target=\"_blank\" rel=\"noreferrer noopener\"><strong>Am\u00e9nager son jardin en faveur des reptiles<\/strong><\/a><\/li><\/ul>\n\n\n\n<ul><li><strong>Planter pour nourrir ou abriter<\/strong><\/li><\/ul>\n\n\n\n<p><a href=\"https:\/\/www.ecoconso.be\/fr\/content\/8-idees-toutes-simples-pour-favoriser-la-biodiversite-au-jardin\" target=\"_blank\" rel=\"noreferrer noopener\">8 id\u00e9es toutes simples pour favoriser la biodiversit\u00e9 au jardin<\/a><\/p>\n\n\n\n<p><a href=\"https:\/\/www.jardiner-autrement.fr\/les-plantes-attractives-pour-les-abeilles\/\" target=\"_blank\" rel=\"noreferrer noopener\">Les plantes attractives pour les abeilles<\/a><\/p>\n\n\n\n<div style=\"height:100px\" aria-hidden=\"true\" class=\"wp-block-spacer\"><\/div>\n\n\n\n<div class=\"wp-block-buttons\">\n<div class=\"wp-block-button is-style-outline\"><a class=\"wp-block-button__link\" href=\"https:\/\/enquetes.nature-occitanie.org\/tresors-jardins\/3-agir\/\">Retour menu Agir<\/a><\/div>\n<\/div>\n\n\n\n\n\n<div style=\"height:100px\" aria-hidden=\"true\" class=\"wp-block-spacer\"><\/div>\n","protected":false},"excerpt":{"rendered":"<p>Fiches pratiques pour cr\u00e9er des am\u00e9nagements pour la faune Offrir le g\u00eete et le couvert aux oiseaux des jardins Comment aider les oiseaux Nourrir les oiseaux en hiver&nbsp;: comment faire&nbsp;? Les diff\u00e9rents types de nichoirs pour oiseaux Favoriser les insectes pollinisateurs et auxiliaires du jardin Comment accueillir les insectes chez soi ? Comment construire un [&hellip;]<\/p>\n","protected":false},"author":2,"featured_media":0,"parent":0,"menu_order":0,"comment_status":"closed","ping_status":"closed","template":"","meta":[],"_links":{"self":[{"href":"https:\/\/enquetes.nature-occitanie.org\/tresors-jardins\/wp-json\/wp\/v2\/pages\/969"}],"collection":[{"href":"https:\/\/enquetes.nature-occitanie.org\/tresors-jardins\/wp-json\/wp\/v2\/pages"}],"about":[{"href":"https:\/\/enquetes.nature-occitanie.org\/tresors-jardins\/wp-json\/wp\/v2\/types\/page"}],"author":[{"embeddable":true,"href":"https:\/\/enquetes.nature-occitanie.org\/tresors-jardins\/wp-json\/wp\/v2\/users\/2"}],"replies":[{"embeddable":true,"href":"https:\/\/enquetes.nature-occitanie.org\/tresors-jardins\/wp-json\/wp\/v2\/comments?post=969"}],"version-history":[{"count":11,"href":"https:\/\/enquetes.nature-occitanie.org\/tresors-jardins\/wp-json\/wp\/v2\/pages\/969\/revisions"}],"predecessor-version":[{"id":1084,"href":"https:\/\/enquetes.nature-occitanie.org\/tresors-jardins\/wp-json\/wp\/v2\/pages\/969\/revisions\/1084"}],"wp:attachment":[{"href":"https:\/\/enquetes.nature-occitanie.org\/tresors-jardins\/wp-json\/wp\/v2\/media?parent=969"}],"curies":[{"name":"wp","href":"https:\/\/api.w.org\/{rel}","templated":true}]}}