{"id":988,"date":"2022-08-29T12:44:47","date_gmt":"2022-08-29T10:44:47","guid":{"rendered":"https:\/\/enquetes.nature-occitanie.org\/tresors-jardins\/?page_id=988"},"modified":"2022-08-29T17:15:45","modified_gmt":"2022-08-29T15:15:45","slug":"planter-un-potager-des-arbres-des-fleurs","status":"publish","type":"page","link":"https:\/\/enquetes.nature-occitanie.org\/tresors-jardins\/planter-un-potager-des-arbres-des-fleurs\/","title":{"rendered":"Planter un potager, des arbres, des fleurs\u2026"},"content":{"rendered":"\n<ul><li><strong><a rel=\"noreferrer noopener\" href=\"http:\/\/www.jardinsdenoe.org\/planter-une-haie-champetre\/\" target=\"_blank\">Planter une haie champ\u00eatre<\/a><\/strong><\/li><\/ul>\n\n\n\n<ul><li><strong><a rel=\"noreferrer noopener\" href=\"https:\/\/www.jardiner-malin.fr\/fiche\/comment-faire-une-rocaille.html\" target=\"_blank\">Comment cr\u00e9er une rocaille<\/a><\/strong><\/li><\/ul>\n\n\n\n<ul><li><strong><a rel=\"noreferrer noopener\" href=\"http:\/\/www.jardinsdenoe.org\/mettre-en-place-une-prairie-fleurie\/\" target=\"_blank\">Mettre en place une prairie fleurie<\/a><\/strong><\/li><\/ul>\n\n\n\n<ul><li><a rel=\"noreferrer noopener\" href=\"http:\/\/www.jardinsdenoe.org\/commencer-un-potager-ecologique\/\" target=\"_blank\"><strong>Commencer un potager \u00e9cologique<\/strong><\/a><\/li><\/ul>\n\n\n\n<ul><li><strong><a rel=\"noreferrer noopener\" href=\"http:\/\/www.jardinsdenoe.org\/faire-un-compost\/\" target=\"_blank\">Faire un compost<\/a><\/strong><\/li><\/ul>\n\n\n\n<ul><li><strong><a rel=\"noreferrer noopener\" href=\"http:\/\/www.jardinsdenoe.org\/pourquoi-planter-des-especes-locales\/\" target=\"_blank\">Planter des esp\u00e8ces locales<\/a><\/strong><\/li><\/ul>\n\n\n\n<ul><li><strong><a rel=\"noreferrer noopener\" href=\"https:\/\/www.jardiner-autrement.fr\/reduire-pesticides-jardin\/\" target=\"_blank\">Se passer des engrais chimiques et pesticides<\/a><\/strong><\/li><\/ul>\n\n\n\n<ul><li><strong><a href=\"https:\/\/www.ecodds.com\/\" target=\"_blank\" rel=\"noreferrer noopener\">Rapporter ses pesticides<\/a><\/strong><\/li><\/ul>\n\n\n\n<div style=\"height:100px\" aria-hidden=\"true\" class=\"wp-block-spacer\"><\/div>\n\n\n\n<div class=\"wp-block-buttons\">\n<div class=\"wp-block-button is-style-outline\"><a class=\"wp-block-button__link\" href=\"https:\/\/enquetes.nature-occitanie.org\/tresors-jardins\/3-agir\/\">Retour menu Agir<\/a><\/div>\n<\/div>\n","protected":false},"excerpt":{"rendered":"<p>Planter une haie champ\u00eatre Comment cr\u00e9er une rocaille Mettre en place une prairie fleurie Commencer un potager \u00e9cologique Faire un compost Planter des esp\u00e8ces locales Se passer des engrais chimiques et pesticides Rapporter ses pesticides<\/p>\n","protected":false},"author":2,"featured_media":0,"parent":0,"menu_order":0,"comment_status":"closed","ping_status":"closed","template":"","meta":[],"_links":{"self":[{"href":"https:\/\/enquetes.nature-occitanie.org\/tresors-jardins\/wp-json\/wp\/v2\/pages\/988"}],"collection":[{"href":"https:\/\/enquetes.nature-occitanie.org\/tresors-jardins\/wp-json\/wp\/v2\/pages"}],"about":[{"href":"https:\/\/enquetes.nature-occitanie.org\/tresors-jardins\/wp-json\/wp\/v2\/types\/page"}],"author":[{"embeddable":true,"href":"https:\/\/enquetes.nature-occitanie.org\/tresors-jardins\/wp-json\/wp\/v2\/users\/2"}],"replies":[{"embeddable":true,"href":"https:\/\/enquetes.nature-occitanie.org\/tresors-jardins\/wp-json\/wp\/v2\/comments?post=988"}],"version-history":[{"count":3,"href":"https:\/\/enquetes.nature-occitanie.org\/tresors-jardins\/wp-json\/wp\/v2\/pages\/988\/revisions"}],"predecessor-version":[{"id":1029,"href":"https:\/\/enquetes.nature-occitanie.org\/tresors-jardins\/wp-json\/wp\/v2\/pages\/988\/revisions\/1029"}],"wp:attachment":[{"href":"https:\/\/enquetes.nature-occitanie.org\/tresors-jardins\/wp-json\/wp\/v2\/media?parent=988"}],"curies":[{"name":"wp","href":"https:\/\/api.w.org\/{rel}","templated":true}]}}